{"id":74262,"date":"2023-02-25T19:12:41","date_gmt":"2023-02-25T17:12:41","guid":{"rendered":"https:\/\/sargantana.info\/web\/mi-cuenta\/"},"modified":"2026-04-09T09:16:44","modified_gmt":"2026-04-09T07:16:44","slug":"mi-cuenta","status":"publish","type":"page","link":"https:\/\/sargantana.info\/tienda\/mi-cuenta\/","title":{"rendered":"Mi cuenta"},"content":{"rendered":"\t\t<div data-elementor-type=\"wp-page\" data-elementor-id=\"74262\" class=\"elementor elementor-74262\" data-elementor-post-type=\"page\">\n\t\t\t\t<div class=\"elementor-element elementor-element-e1f191d e-flex e-con-boxed e-con e-parent\" data-id=\"e1f191d\" data-element_type=\"container\" data-e-type=\"container\">\n\t\t\t\t\t<div class=\"e-con-inner\">\n\t\t\t\t<div class=\"elementor-element elementor-element-01e943f elementor-widget elementor-widget-heading\" data-id=\"01e943f\" data-element_type=\"widget\" data-e-type=\"widget\" data-widget_type=\"heading.default\">\n\t\t\t\t<div class=\"elementor-widget-container\">\n\t\t\t\t\t<h1 class=\"elementor-heading-title elementor-size-default\">Mi cuenta<\/h1>\t\t\t\t<\/div>\n\t\t\t\t<\/div>\n\t\t\t\t<div class=\"elementor-element elementor-element-43d026d elementor-widget-divider--view-line elementor-widget elementor-widget-divider\" data-id=\"43d026d\" data-element_type=\"widget\" data-e-type=\"widget\" data-widget_type=\"divider.default\">\n\t\t\t\t<div class=\"elementor-widget-container\">\n\t\t\t\t\t\t\t<div class=\"elementor-divider\">\n\t\t\t<span class=\"elementor-divider-separator\">\n\t\t\t\t\t\t<\/span>\n\t\t<\/div>\n\t\t\t\t\t\t<\/div>\n\t\t\t\t<\/div>\n\t\t\t\t<div class=\"elementor-element elementor-element-d85f947 e-my-account-tabs-horizontal elementor-widget elementor-widget-woocommerce-my-account\" data-id=\"d85f947\" data-element_type=\"widget\" data-e-type=\"widget\" data-widget_type=\"woocommerce-my-account.default\">\n\t\t\t\t<div class=\"elementor-widget-container\">\n\t\t\t\t\t<div class=\"e-my-account-tab e-my-account-tab__ \">\t\t\t<div class=\"woocommerce\"><\/div>\t\t<\/div>\n\t\t\t\t\t\t<\/div>\n\t\t\t\t<\/div>\n\t\t\t\t\t<\/div>\n\t\t\t\t<\/div>\n\t\t\t\t<\/div>\n\t\t","protected":false},"excerpt":{"rendered":"<p>Mi cuenta Escritorio Pedidos Descargas Direcci\u00f3n Detalles de cuenta Salir Escritorio Pedidos Descargas Direcci\u00f3n Detalles de cuenta Salir Escritorio Pedidos Descargas Direcci\u00f3n Detalles de cuenta Salir Escritorio Pedidos Descargas Direcci\u00f3n Detalles de cuenta Salir Hola Ana Insertsite (\u00bfno eres Ana Insertsite? Cerrar sesi\u00f3n) Desde el escritorio de tu cuenta puedes ver tus pedidos recientes, gestionar [&hellip;]<\/p>\n","protected":false},"author":1,"featured_media":0,"parent":0,"menu_order":0,"comment_status":"closed","ping_status":"closed","template":"","meta":{"inline_featured_image":false,"_joinchat":[],"footnotes":""},"class_list":["post-74262","page","type-page","status-publish","hentry"],"yoast_head":"<!-- This site is optimized with the Yoast SEO plugin v27.4 - https:\/\/yoast.com\/product\/yoast-seo-wordpress\/ -->\n<title>Mi cuenta - Sargantana<\/title>\n<meta name=\"robots\" content=\"noindex, follow\" \/>\n<meta property=\"og:locale\" content=\"es_ES\" \/>\n<meta property=\"og:type\" content=\"article\" \/>\n<meta property=\"og:title\" content=\"Mi cuenta - Sargantana\" \/>\n<meta property=\"og:description\" content=\"Mi cuenta Escritorio Pedidos Descargas Direcci\u00f3n Detalles de cuenta Salir Escritorio Pedidos Descargas Direcci\u00f3n Detalles de cuenta Salir Escritorio Pedidos Descargas Direcci\u00f3n Detalles de cuenta Salir Escritorio Pedidos Descargas Direcci\u00f3n Detalles de cuenta Salir Hola Ana Insertsite (\u00bfno eres Ana Insertsite? Cerrar sesi\u00f3n) Desde el escritorio de tu cuenta puedes ver tus pedidos recientes, gestionar [&hellip;]\" \/>\n<meta property=\"og:url\" content=\"https:\/\/sargantana.info\/tienda\/mi-cuenta\/\" \/>\n<meta property=\"og:site_name\" content=\"Sargantana\" \/>\n<meta property=\"article:publisher\" content=\"https:\/\/www.facebook.com\/Sargantana.info\" \/>\n<meta property=\"article:modified_time\" content=\"2026-04-09T07:16:44+00:00\" \/>\n<meta name=\"twitter:card\" content=\"summary_large_image\" \/>\n<meta name=\"twitter:site\" content=\"@Sargantana_\" \/>\n<meta name=\"twitter:label1\" content=\"Tiempo de lectura\" \/>\n\t<meta name=\"twitter:data1\" content=\"1 minuto\" \/>\n<script type=\"application\/ld+json\" class=\"yoast-schema-graph\">{\"@context\":\"https:\\\/\\\/schema.org\",\"@graph\":[{\"@type\":\"WebPage\",\"@id\":\"https:\\\/\\\/sargantana.info\\\/tienda\\\/mi-cuenta\\\/\",\"url\":\"https:\\\/\\\/sargantana.info\\\/tienda\\\/mi-cuenta\\\/\",\"name\":\"Mi cuenta - Sargantana\",\"isPartOf\":{\"@id\":\"https:\\\/\\\/sargantana.info\\\/tienda\\\/#website\"},\"datePublished\":\"2023-02-25T17:12:41+00:00\",\"dateModified\":\"2026-04-09T07:16:44+00:00\",\"breadcrumb\":{\"@id\":\"https:\\\/\\\/sargantana.info\\\/tienda\\\/mi-cuenta\\\/#breadcrumb\"},\"inLanguage\":\"es\",\"potentialAction\":[{\"@type\":\"ReadAction\",\"target\":[\"https:\\\/\\\/sargantana.info\\\/tienda\\\/mi-cuenta\\\/\"]}]},{\"@type\":\"BreadcrumbList\",\"@id\":\"https:\\\/\\\/sargantana.info\\\/tienda\\\/mi-cuenta\\\/#breadcrumb\",\"itemListElement\":[{\"@type\":\"ListItem\",\"position\":1,\"name\":\"Portada\",\"item\":\"https:\\\/\\\/sargantana.info\\\/tienda\\\/\"},{\"@type\":\"ListItem\",\"position\":2,\"name\":\"Mi cuenta\"}]},{\"@type\":\"WebSite\",\"@id\":\"https:\\\/\\\/sargantana.info\\\/tienda\\\/#website\",\"url\":\"https:\\\/\\\/sargantana.info\\\/tienda\\\/\",\"name\":\"Sargantana\",\"description\":\"Educaci\u00f3n ambiental y tiempo libre en el Pirineo Aragon\u00e9s\",\"publisher\":{\"@id\":\"https:\\\/\\\/sargantana.info\\\/tienda\\\/#organization\"},\"potentialAction\":[{\"@type\":\"SearchAction\",\"target\":{\"@type\":\"EntryPoint\",\"urlTemplate\":\"https:\\\/\\\/sargantana.info\\\/tienda\\\/?s={search_term_string}\"},\"query-input\":{\"@type\":\"PropertyValueSpecification\",\"valueRequired\":true,\"valueName\":\"search_term_string\"}}],\"inLanguage\":\"es\"},{\"@type\":\"Organization\",\"@id\":\"https:\\\/\\\/sargantana.info\\\/tienda\\\/#organization\",\"name\":\"Sargantana\",\"url\":\"https:\\\/\\\/sargantana.info\\\/tienda\\\/\",\"logo\":{\"@type\":\"ImageObject\",\"inLanguage\":\"es\",\"@id\":\"https:\\\/\\\/sargantana.info\\\/tienda\\\/#\\\/schema\\\/logo\\\/image\\\/\",\"url\":\"https:\\\/\\\/sargantana.info\\\/tienda\\\/wp-content\\\/uploads\\\/2023\\\/02\\\/Sargantana-transparente-e1676147721574.png\",\"contentUrl\":\"https:\\\/\\\/sargantana.info\\\/tienda\\\/wp-content\\\/uploads\\\/2023\\\/02\\\/Sargantana-transparente-e1676147721574.png\",\"width\":365,\"height\":211,\"caption\":\"Sargantana\"},\"image\":{\"@id\":\"https:\\\/\\\/sargantana.info\\\/tienda\\\/#\\\/schema\\\/logo\\\/image\\\/\"},\"sameAs\":[\"https:\\\/\\\/www.facebook.com\\\/Sargantana.info\",\"https:\\\/\\\/x.com\\\/Sargantana_\",\"https:\\\/\\\/www.instagram.com\\\/sargantana_canfranc\\\/\"]}]}<\/script>\n<!-- \/ Yoast SEO plugin. -->","yoast_head_json":{"title":"Mi cuenta - Sargantana","robots":{"index":"noindex","follow":"follow"},"og_locale":"es_ES","og_type":"article","og_title":"Mi cuenta - Sargantana","og_description":"Mi cuenta Escritorio Pedidos Descargas Direcci\u00f3n Detalles de cuenta Salir Escritorio Pedidos Descargas Direcci\u00f3n Detalles de cuenta Salir Escritorio Pedidos Descargas Direcci\u00f3n Detalles de cuenta Salir Escritorio Pedidos Descargas Direcci\u00f3n Detalles de cuenta Salir Hola Ana Insertsite (\u00bfno eres Ana Insertsite? Cerrar sesi\u00f3n) Desde el escritorio de tu cuenta puedes ver tus pedidos recientes, gestionar [&hellip;]","og_url":"https:\/\/sargantana.info\/tienda\/mi-cuenta\/","og_site_name":"Sargantana","article_publisher":"https:\/\/www.facebook.com\/Sargantana.info","article_modified_time":"2026-04-09T07:16:44+00:00","twitter_card":"summary_large_image","twitter_site":"@Sargantana_","twitter_misc":{"Tiempo de lectura":"1 minuto"},"schema":{"@context":"https:\/\/schema.org","@graph":[{"@type":"WebPage","@id":"https:\/\/sargantana.info\/tienda\/mi-cuenta\/","url":"https:\/\/sargantana.info\/tienda\/mi-cuenta\/","name":"Mi cuenta - Sargantana","isPartOf":{"@id":"https:\/\/sargantana.info\/tienda\/#website"},"datePublished":"2023-02-25T17:12:41+00:00","dateModified":"2026-04-09T07:16:44+00:00","breadcrumb":{"@id":"https:\/\/sargantana.info\/tienda\/mi-cuenta\/#breadcrumb"},"inLanguage":"es","potentialAction":[{"@type":"ReadAction","target":["https:\/\/sargantana.info\/tienda\/mi-cuenta\/"]}]},{"@type":"BreadcrumbList","@id":"https:\/\/sargantana.info\/tienda\/mi-cuenta\/#breadcrumb","itemListElement":[{"@type":"ListItem","position":1,"name":"Portada","item":"https:\/\/sargantana.info\/tienda\/"},{"@type":"ListItem","position":2,"name":"Mi cuenta"}]},{"@type":"WebSite","@id":"https:\/\/sargantana.info\/tienda\/#website","url":"https:\/\/sargantana.info\/tienda\/","name":"Sargantana","description":"Educaci\u00f3n ambiental y tiempo libre en el Pirineo Aragon\u00e9s","publisher":{"@id":"https:\/\/sargantana.info\/tienda\/#organization"},"potentialAction":[{"@type":"SearchAction","target":{"@type":"EntryPoint","urlTemplate":"https:\/\/sargantana.info\/tienda\/?s={search_term_string}"},"query-input":{"@type":"PropertyValueSpecification","valueRequired":true,"valueName":"search_term_string"}}],"inLanguage":"es"},{"@type":"Organization","@id":"https:\/\/sargantana.info\/tienda\/#organization","name":"Sargantana","url":"https:\/\/sargantana.info\/tienda\/","logo":{"@type":"ImageObject","inLanguage":"es","@id":"https:\/\/sargantana.info\/tienda\/#\/schema\/logo\/image\/","url":"https:\/\/sargantana.info\/tienda\/wp-content\/uploads\/2023\/02\/Sargantana-transparente-e1676147721574.png","contentUrl":"https:\/\/sargantana.info\/tienda\/wp-content\/uploads\/2023\/02\/Sargantana-transparente-e1676147721574.png","width":365,"height":211,"caption":"Sargantana"},"image":{"@id":"https:\/\/sargantana.info\/tienda\/#\/schema\/logo\/image\/"},"sameAs":["https:\/\/www.facebook.com\/Sargantana.info","https:\/\/x.com\/Sargantana_","https:\/\/www.instagram.com\/sargantana_canfranc\/"]}]}},"_links":{"self":[{"href":"https:\/\/sargantana.info\/tienda\/wp-json\/wp\/v2\/pages\/74262","targetHints":{"allow":["GET"]}}],"collection":[{"href":"https:\/\/sargantana.info\/tienda\/wp-json\/wp\/v2\/pages"}],"about":[{"href":"https:\/\/sargantana.info\/tienda\/wp-json\/wp\/v2\/types\/page"}],"author":[{"embeddable":true,"href":"https:\/\/sargantana.info\/tienda\/wp-json\/wp\/v2\/users\/1"}],"replies":[{"embeddable":true,"href":"https:\/\/sargantana.info\/tienda\/wp-json\/wp\/v2\/comments?post=74262"}],"version-history":[{"count":31,"href":"https:\/\/sargantana.info\/tienda\/wp-json\/wp\/v2\/pages\/74262\/revisions"}],"predecessor-version":[{"id":79126,"href":"https:\/\/sargantana.info\/tienda\/wp-json\/wp\/v2\/pages\/74262\/revisions\/79126"}],"wp:attachment":[{"href":"https:\/\/sargantana.info\/tienda\/wp-json\/wp\/v2\/media?parent=74262"}],"curies":[{"name":"wp","href":"https:\/\/api.w.org\/{rel}","templated":true}]}}