{"id":77493,"date":"2024-08-26T11:13:31","date_gmt":"2024-08-26T09:13:31","guid":{"rendered":"https:\/\/sargantana.info\/new\/?page_id=77493"},"modified":"2024-08-30T11:40:37","modified_gmt":"2024-08-30T09:40:37","slug":"politica-de-calidad","status":"publish","type":"page","link":"https:\/\/sargantana.info\/tienda\/politica-de-calidad\/","title":{"rendered":"Pol\u00edtica de Calidad"},"content":{"rendered":"<p><em>\u00abSomos una empresa ubicada en el Pirineo Aragon\u00e9s fundada en 1987, dedicada a la gesti\u00f3n de proyectos de desarrollo rural sostenible, proyectos transfronterizos, planes y cursos de formaci\u00f3n y, dise\u00f1o, planificaci\u00f3n y desarrollo de actividades de ocio y educaci\u00f3n ambiental\u00bb<\/em><\/p>\n<p><strong>Nuestros PRINCIPIOS DE CALIDAD son:<\/strong><\/p>\n<ul>\n<li>Definici\u00f3n correcta y precisa de los procesos clave de la organizaci\u00f3n.<\/li>\n<li>Definici\u00f3n de las responsabilidades, las funciones y las relaciones entre todo el personal cuyo trabajo incida en la Calidad percibida por el Cliente.<\/li>\n<li>An\u00e1lisis de las desviaciones e incidencias sucedidas para aprender de ellas y evitar su repetici\u00f3n.<\/li>\n<li>Atenci\u00f3n a la satisfacci\u00f3n de las necesidades y expectativas del cliente.<\/li>\n<li>Definici\u00f3n y satisfacci\u00f3n de los requisitos aplicables a nuestros productos y servicios.<\/li>\n<li>Enfoque hacia la mejora continua de los procesos.<\/li>\n<li>Definici\u00f3n y seguimiento de objetivos de mejora, con periodicidad anual.<\/li>\n<\/ul>\n<p><em>Queremos ser una empresa innovadora, din\u00e1mica y competente en la respuesta a las necesidades de nuestros clientes y el mercado, que permita consolidar nuestra posici\u00f3n referente en el sector y el territorio aragon\u00e9s, ofreciendo una imagen de garant\u00eda de calidad y solvencia ante nuestros Grupos de Inter\u00e9s.<\/em><\/p>\n","protected":false},"excerpt":{"rendered":"<p>\u00abSomos una empresa ubicada en el Pirineo Aragon\u00e9s fundada en 1987, dedicada a la gesti\u00f3n de proyectos de desarrollo rural sostenible, proyectos transfronterizos, planes y cursos de formaci\u00f3n y, dise\u00f1o, planificaci\u00f3n y desarrollo de actividades de ocio y educaci\u00f3n ambiental\u00bb Nuestros PRINCIPIOS DE CALIDAD son: Definici\u00f3n correcta y precisa de los procesos clave de la [&hellip;]<\/p>\n","protected":false},"author":36,"featured_media":0,"parent":0,"menu_order":0,"comment_status":"closed","ping_status":"closed","template":"","meta":{"inline_featured_image":false,"_joinchat":[],"footnotes":""},"class_list":["post-77493","page","type-page","status-publish","hentry"],"yoast_head":"<!-- This site is optimized with the Yoast SEO plugin v27.4 - https:\/\/yoast.com\/product\/yoast-seo-wordpress\/ -->\n<title>Pol\u00edtica de Calidad - Sargantana<\/title>\n<meta name=\"robots\" content=\"noindex, nofollow\" \/>\n<meta property=\"og:locale\" content=\"es_ES\" \/>\n<meta property=\"og:type\" content=\"article\" \/>\n<meta property=\"og:title\" content=\"Pol\u00edtica de Calidad - Sargantana\" \/>\n<meta property=\"og:description\" content=\"\u00abSomos una empresa ubicada en el Pirineo Aragon\u00e9s fundada en 1987, dedicada a la gesti\u00f3n de proyectos de desarrollo rural sostenible, proyectos transfronterizos, planes y cursos de formaci\u00f3n y, dise\u00f1o, planificaci\u00f3n y desarrollo de actividades de ocio y educaci\u00f3n ambiental\u00bb Nuestros PRINCIPIOS DE CALIDAD son: Definici\u00f3n correcta y precisa de los procesos clave de la [&hellip;]\" \/>\n<meta property=\"og:url\" content=\"https:\/\/sargantana.info\/tienda\/politica-de-calidad\/\" \/>\n<meta property=\"og:site_name\" content=\"Sargantana\" \/>\n<meta property=\"article:publisher\" content=\"https:\/\/www.facebook.com\/Sargantana.info\" \/>\n<meta property=\"article:modified_time\" content=\"2024-08-30T09:40:37+00:00\" \/>\n<meta name=\"twitter:card\" content=\"summary_large_image\" \/>\n<meta name=\"twitter:site\" content=\"@Sargantana_\" \/>\n<meta name=\"twitter:label1\" content=\"Tiempo de lectura\" \/>\n\t<meta name=\"twitter:data1\" content=\"1 minuto\" \/>\n<script type=\"application\/ld+json\" class=\"yoast-schema-graph\">{\"@context\":\"https:\\\/\\\/schema.org\",\"@graph\":[{\"@type\":\"WebPage\",\"@id\":\"https:\\\/\\\/sargantana.info\\\/tienda\\\/politica-de-calidad\\\/\",\"url\":\"https:\\\/\\\/sargantana.info\\\/tienda\\\/politica-de-calidad\\\/\",\"name\":\"Pol\u00edtica de Calidad - Sargantana\",\"isPartOf\":{\"@id\":\"https:\\\/\\\/sargantana.info\\\/tienda\\\/#website\"},\"datePublished\":\"2024-08-26T09:13:31+00:00\",\"dateModified\":\"2024-08-30T09:40:37+00:00\",\"breadcrumb\":{\"@id\":\"https:\\\/\\\/sargantana.info\\\/tienda\\\/politica-de-calidad\\\/#breadcrumb\"},\"inLanguage\":\"es\",\"potentialAction\":[{\"@type\":\"ReadAction\",\"target\":[\"https:\\\/\\\/sargantana.info\\\/tienda\\\/politica-de-calidad\\\/\"]}]},{\"@type\":\"BreadcrumbList\",\"@id\":\"https:\\\/\\\/sargantana.info\\\/tienda\\\/politica-de-calidad\\\/#breadcrumb\",\"itemListElement\":[{\"@type\":\"ListItem\",\"position\":1,\"name\":\"Portada\",\"item\":\"https:\\\/\\\/sargantana.info\\\/tienda\\\/\"},{\"@type\":\"ListItem\",\"position\":2,\"name\":\"Pol\u00edtica de Calidad\"}]},{\"@type\":\"WebSite\",\"@id\":\"https:\\\/\\\/sargantana.info\\\/tienda\\\/#website\",\"url\":\"https:\\\/\\\/sargantana.info\\\/tienda\\\/\",\"name\":\"Sargantana\",\"description\":\"Educaci\u00f3n ambiental y tiempo libre en el Pirineo Aragon\u00e9s\",\"publisher\":{\"@id\":\"https:\\\/\\\/sargantana.info\\\/tienda\\\/#organization\"},\"potentialAction\":[{\"@type\":\"SearchAction\",\"target\":{\"@type\":\"EntryPoint\",\"urlTemplate\":\"https:\\\/\\\/sargantana.info\\\/tienda\\\/?s={search_term_string}\"},\"query-input\":{\"@type\":\"PropertyValueSpecification\",\"valueRequired\":true,\"valueName\":\"search_term_string\"}}],\"inLanguage\":\"es\"},{\"@type\":\"Organization\",\"@id\":\"https:\\\/\\\/sargantana.info\\\/tienda\\\/#organization\",\"name\":\"Sargantana\",\"url\":\"https:\\\/\\\/sargantana.info\\\/tienda\\\/\",\"logo\":{\"@type\":\"ImageObject\",\"inLanguage\":\"es\",\"@id\":\"https:\\\/\\\/sargantana.info\\\/tienda\\\/#\\\/schema\\\/logo\\\/image\\\/\",\"url\":\"https:\\\/\\\/sargantana.info\\\/tienda\\\/wp-content\\\/uploads\\\/2023\\\/02\\\/Sargantana-transparente-e1676147721574.png\",\"contentUrl\":\"https:\\\/\\\/sargantana.info\\\/tienda\\\/wp-content\\\/uploads\\\/2023\\\/02\\\/Sargantana-transparente-e1676147721574.png\",\"width\":365,\"height\":211,\"caption\":\"Sargantana\"},\"image\":{\"@id\":\"https:\\\/\\\/sargantana.info\\\/tienda\\\/#\\\/schema\\\/logo\\\/image\\\/\"},\"sameAs\":[\"https:\\\/\\\/www.facebook.com\\\/Sargantana.info\",\"https:\\\/\\\/x.com\\\/Sargantana_\",\"https:\\\/\\\/www.instagram.com\\\/sargantana_canfranc\\\/\"]}]}<\/script>\n<!-- \/ Yoast SEO plugin. -->","yoast_head_json":{"title":"Pol\u00edtica de Calidad - Sargantana","robots":{"index":"noindex","follow":"nofollow"},"og_locale":"es_ES","og_type":"article","og_title":"Pol\u00edtica de Calidad - Sargantana","og_description":"\u00abSomos una empresa ubicada en el Pirineo Aragon\u00e9s fundada en 1987, dedicada a la gesti\u00f3n de proyectos de desarrollo rural sostenible, proyectos transfronterizos, planes y cursos de formaci\u00f3n y, dise\u00f1o, planificaci\u00f3n y desarrollo de actividades de ocio y educaci\u00f3n ambiental\u00bb Nuestros PRINCIPIOS DE CALIDAD son: Definici\u00f3n correcta y precisa de los procesos clave de la [&hellip;]","og_url":"https:\/\/sargantana.info\/tienda\/politica-de-calidad\/","og_site_name":"Sargantana","article_publisher":"https:\/\/www.facebook.com\/Sargantana.info","article_modified_time":"2024-08-30T09:40:37+00:00","twitter_card":"summary_large_image","twitter_site":"@Sargantana_","twitter_misc":{"Tiempo de lectura":"1 minuto"},"schema":{"@context":"https:\/\/schema.org","@graph":[{"@type":"WebPage","@id":"https:\/\/sargantana.info\/tienda\/politica-de-calidad\/","url":"https:\/\/sargantana.info\/tienda\/politica-de-calidad\/","name":"Pol\u00edtica de Calidad - Sargantana","isPartOf":{"@id":"https:\/\/sargantana.info\/tienda\/#website"},"datePublished":"2024-08-26T09:13:31+00:00","dateModified":"2024-08-30T09:40:37+00:00","breadcrumb":{"@id":"https:\/\/sargantana.info\/tienda\/politica-de-calidad\/#breadcrumb"},"inLanguage":"es","potentialAction":[{"@type":"ReadAction","target":["https:\/\/sargantana.info\/tienda\/politica-de-calidad\/"]}]},{"@type":"BreadcrumbList","@id":"https:\/\/sargantana.info\/tienda\/politica-de-calidad\/#breadcrumb","itemListElement":[{"@type":"ListItem","position":1,"name":"Portada","item":"https:\/\/sargantana.info\/tienda\/"},{"@type":"ListItem","position":2,"name":"Pol\u00edtica de Calidad"}]},{"@type":"WebSite","@id":"https:\/\/sargantana.info\/tienda\/#website","url":"https:\/\/sargantana.info\/tienda\/","name":"Sargantana","description":"Educaci\u00f3n ambiental y tiempo libre en el Pirineo Aragon\u00e9s","publisher":{"@id":"https:\/\/sargantana.info\/tienda\/#organization"},"potentialAction":[{"@type":"SearchAction","target":{"@type":"EntryPoint","urlTemplate":"https:\/\/sargantana.info\/tienda\/?s={search_term_string}"},"query-input":{"@type":"PropertyValueSpecification","valueRequired":true,"valueName":"search_term_string"}}],"inLanguage":"es"},{"@type":"Organization","@id":"https:\/\/sargantana.info\/tienda\/#organization","name":"Sargantana","url":"https:\/\/sargantana.info\/tienda\/","logo":{"@type":"ImageObject","inLanguage":"es","@id":"https:\/\/sargantana.info\/tienda\/#\/schema\/logo\/image\/","url":"https:\/\/sargantana.info\/tienda\/wp-content\/uploads\/2023\/02\/Sargantana-transparente-e1676147721574.png","contentUrl":"https:\/\/sargantana.info\/tienda\/wp-content\/uploads\/2023\/02\/Sargantana-transparente-e1676147721574.png","width":365,"height":211,"caption":"Sargantana"},"image":{"@id":"https:\/\/sargantana.info\/tienda\/#\/schema\/logo\/image\/"},"sameAs":["https:\/\/www.facebook.com\/Sargantana.info","https:\/\/x.com\/Sargantana_","https:\/\/www.instagram.com\/sargantana_canfranc\/"]}]}},"_links":{"self":[{"href":"https:\/\/sargantana.info\/tienda\/wp-json\/wp\/v2\/pages\/77493","targetHints":{"allow":["GET"]}}],"collection":[{"href":"https:\/\/sargantana.info\/tienda\/wp-json\/wp\/v2\/pages"}],"about":[{"href":"https:\/\/sargantana.info\/tienda\/wp-json\/wp\/v2\/types\/page"}],"author":[{"embeddable":true,"href":"https:\/\/sargantana.info\/tienda\/wp-json\/wp\/v2\/users\/36"}],"replies":[{"embeddable":true,"href":"https:\/\/sargantana.info\/tienda\/wp-json\/wp\/v2\/comments?post=77493"}],"version-history":[{"count":2,"href":"https:\/\/sargantana.info\/tienda\/wp-json\/wp\/v2\/pages\/77493\/revisions"}],"predecessor-version":[{"id":77495,"href":"https:\/\/sargantana.info\/tienda\/wp-json\/wp\/v2\/pages\/77493\/revisions\/77495"}],"wp:attachment":[{"href":"https:\/\/sargantana.info\/tienda\/wp-json\/wp\/v2\/media?parent=77493"}],"curies":[{"name":"wp","href":"https:\/\/api.w.org\/{rel}","templated":true}]}}