{"id":78707,"date":"2025-07-07T09:45:39","date_gmt":"2025-07-07T07:45:39","guid":{"rendered":"https:\/\/sargantana.info\/tienda\/?post_type=product&#038;p=78707"},"modified":"2025-07-16T18:54:03","modified_gmt":"2025-07-16T16:54:03","slug":"libro-canfranc-el-ferrocarril-de-los-pirineos","status":"publish","type":"product","link":"https:\/\/sargantana.info\/tienda\/producto\/libro-canfranc-el-ferrocarril-de-los-pirineos\/","title":{"rendered":"Libro: Canfranc, El Ferrocarril de Los Pirineos"},"content":{"rendered":"<p>Es una perspectiva global de la historia de la L\u00ednea y la Estaci\u00f3n de Canfranc, desde el manifiesto de \u201cLos aragoneses a la Naci\u00f3n espa\u00f1ola\u201d de 1853 hasta el momento actual en el que la reapertura de la Estaci\u00f3n Internacional como hotel de lujo ha permitido recuperar la esperanza por su futuro. Es una cr\u00f3nica que aborda todos los \u00e1mbitos a los que pertenece el proyecto ferroviario. Los tres primeros cap\u00edtulos describen su construcci\u00f3n, sus problemas, su puesta en marcha, funcionamiento y su cierre internacional. El cuarto y \u00faltimo cap\u00edtulo se adentra, como si de un lienzo costumbrista se tratara, en la vida cotidiana de Canfranc en los a\u00f1os inmediatamente posteriores al cierre del T\u00fanel del Somport en marzo de 1970. Se asume generalmente que la clausura del tr\u00e1fico ferroviario internacional acab\u00f3 tambi\u00e9n con la actividad econ\u00f3mica y la vida social en Los Ara\u00f1ones, pero lo cierto es que las obras hidrol\u00f3gicas, y forestales, el tr\u00e1nsito de mercanc\u00edas por carretera y el hecho de que los trenes siguieran llegando a diario al and\u00e9n espa\u00f1ol mitigaron la sensaci\u00f3n de crisis propia de los procesos de reconversi\u00f3n. Esa mirada poli\u00e9drica es la que intenta ofrecer este libro.<\/p>\n","protected":false},"excerpt":{"rendered":"<p>Es una perspectiva global de la historia de la L\u00ednea y la Estaci\u00f3n de Canfranc, desde el manifiesto de \u201cLos aragoneses a la Naci\u00f3n espa\u00f1ola\u201d de 1853 hasta el momento actual en el que la reapertura de la Estaci\u00f3n Internacional como hotel de lujo ha permitido recuperar la esperanza por su futuro. Es una cr\u00f3nica que aborda todos los \u00e1mbitos a los que pertenece el proyecto ferroviario. Los tres primeros cap\u00edtulos describen su construcci\u00f3n, sus problemas, su puesta en marcha, funcionamiento y su cierre internacional. El cuarto y \u00faltimo cap\u00edtulo se adentra, como si de un lienzo costumbrista se tratara, en la vida cotidiana de Canfranc en los a\u00f1os inmediatamente posteriores al cierre del T\u00fanel del Somport en marzo de 1970. Se asume generalmente que la clausura del tr\u00e1fico ferroviario internacional acab\u00f3 tambi\u00e9n con la actividad econ\u00f3mica y la vida social en Los Ara\u00f1ones, pero lo cierto es que las obras hidrol\u00f3gicas, y forestales, el tr\u00e1nsito de mercanc\u00edas por carretera y el hecho de que los trenes siguieran llegando a diario al and\u00e9n espa\u00f1ol mitigaron la sensaci\u00f3n de crisis propia de los procesos de reconversi\u00f3n. Esa mirada poli\u00e9drica es la que intenta ofrecer este libro.<\/p>\n","protected":false},"featured_media":78754,"template":"","meta":{"inline_featured_image":false,"_joinchat":[]},"product_brand":[],"product_cat":[186],"product_tag":[],"class_list":{"0":"post-78707","1":"product","2":"type-product","3":"status-publish","4":"has-post-thumbnail","6":"product_cat-libro","8":"first","9":"instock","10":"shipping-taxable","11":"purchasable","12":"product-type-simple"},"yoast_head":"<!-- This site is optimized with the Yoast SEO plugin v27.4 - https:\/\/yoast.com\/product\/yoast-seo-wordpress\/ -->\n<title>Libro: Canfranc, El Ferrocarril de Los Pirineos - Sargantana<\/title>\n<meta name=\"robots\" content=\"index, follow, max-snippet:-1, max-image-preview:large, max-video-preview:-1\" \/>\n<link rel=\"canonical\" href=\"https:\/\/sargantana.info\/tienda\/producto\/libro-canfranc-el-ferrocarril-de-los-pirineos\/\" \/>\n<meta property=\"og:locale\" content=\"es_ES\" \/>\n<meta property=\"og:type\" content=\"article\" \/>\n<meta property=\"og:title\" content=\"Libro: Canfranc, El Ferrocarril de Los Pirineos - Sargantana\" \/>\n<meta property=\"og:description\" content=\"Es una perspectiva global de la historia de la L\u00ednea y la Estaci\u00f3n de Canfranc, desde el manifiesto de \u201cLos aragoneses a la Naci\u00f3n espa\u00f1ola\u201d de 1853 hasta el momento actual en el que la reapertura de la Estaci\u00f3n Internacional como hotel de lujo ha permitido recuperar la esperanza por su futuro. Es una cr\u00f3nica que aborda todos los \u00e1mbitos a los que pertenece el proyecto ferroviario. Los tres primeros cap\u00edtulos describen su construcci\u00f3n, sus problemas, su puesta en marcha, funcionamiento y su cierre internacional. El cuarto y \u00faltimo cap\u00edtulo se adentra, como si de un lienzo costumbrista se tratara, en la vida cotidiana de Canfranc en los a\u00f1os inmediatamente posteriores al cierre del T\u00fanel del Somport en marzo de 1970. Se asume generalmente que la clausura del tr\u00e1fico ferroviario internacional acab\u00f3 tambi\u00e9n con la actividad econ\u00f3mica y la vida social en Los Ara\u00f1ones, pero lo cierto es que las obras hidrol\u00f3gicas, y forestales, el tr\u00e1nsito de mercanc\u00edas por carretera y el hecho de que los trenes siguieran llegando a diario al and\u00e9n espa\u00f1ol mitigaron la sensaci\u00f3n de crisis propia de los procesos de reconversi\u00f3n. Esa mirada poli\u00e9drica es la que intenta ofrecer este libro.\" \/>\n<meta property=\"og:url\" content=\"https:\/\/sargantana.info\/tienda\/producto\/libro-canfranc-el-ferrocarril-de-los-pirineos\/\" \/>\n<meta property=\"og:site_name\" content=\"Sargantana\" \/>\n<meta property=\"article:publisher\" content=\"https:\/\/www.facebook.com\/Sargantana.info\" \/>\n<meta property=\"article:modified_time\" content=\"2025-07-16T16:54:03+00:00\" \/>\n<meta property=\"og:image\" content=\"https:\/\/sargantana.info\/tienda\/wp-content\/uploads\/2025\/07\/Portada_libro-1024x570-1.jpeg\" \/>\n\t<meta property=\"og:image:width\" content=\"1024\" \/>\n\t<meta property=\"og:image:height\" content=\"570\" \/>\n\t<meta property=\"og:image:type\" content=\"image\/jpeg\" \/>\n<meta name=\"twitter:card\" content=\"summary_large_image\" \/>\n<meta name=\"twitter:site\" content=\"@Sargantana_\" \/>\n<meta name=\"twitter:label1\" content=\"Tiempo de lectura\" \/>\n\t<meta name=\"twitter:data1\" content=\"2 minutos\" \/>\n<script type=\"application\/ld+json\" class=\"yoast-schema-graph\">{\"@context\":\"https:\\\/\\\/schema.org\",\"@graph\":[{\"@type\":\"WebPage\",\"@id\":\"https:\\\/\\\/sargantana.info\\\/tienda\\\/producto\\\/libro-canfranc-el-ferrocarril-de-los-pirineos\\\/\",\"url\":\"https:\\\/\\\/sargantana.info\\\/tienda\\\/producto\\\/libro-canfranc-el-ferrocarril-de-los-pirineos\\\/\",\"name\":\"Libro: Canfranc, El Ferrocarril de Los Pirineos - Sargantana\",\"isPartOf\":{\"@id\":\"https:\\\/\\\/sargantana.info\\\/tienda\\\/#website\"},\"primaryImageOfPage\":{\"@id\":\"https:\\\/\\\/sargantana.info\\\/tienda\\\/producto\\\/libro-canfranc-el-ferrocarril-de-los-pirineos\\\/#primaryimage\"},\"image\":{\"@id\":\"https:\\\/\\\/sargantana.info\\\/tienda\\\/producto\\\/libro-canfranc-el-ferrocarril-de-los-pirineos\\\/#primaryimage\"},\"thumbnailUrl\":\"https:\\\/\\\/sargantana.info\\\/tienda\\\/wp-content\\\/uploads\\\/2025\\\/07\\\/Portada_libro-1024x570-1.jpeg\",\"datePublished\":\"2025-07-07T07:45:39+00:00\",\"dateModified\":\"2025-07-16T16:54:03+00:00\",\"breadcrumb\":{\"@id\":\"https:\\\/\\\/sargantana.info\\\/tienda\\\/producto\\\/libro-canfranc-el-ferrocarril-de-los-pirineos\\\/#breadcrumb\"},\"inLanguage\":\"es\",\"potentialAction\":[{\"@type\":\"ReadAction\",\"target\":[\"https:\\\/\\\/sargantana.info\\\/tienda\\\/producto\\\/libro-canfranc-el-ferrocarril-de-los-pirineos\\\/\"]}]},{\"@type\":\"ImageObject\",\"inLanguage\":\"es\",\"@id\":\"https:\\\/\\\/sargantana.info\\\/tienda\\\/producto\\\/libro-canfranc-el-ferrocarril-de-los-pirineos\\\/#primaryimage\",\"url\":\"https:\\\/\\\/sargantana.info\\\/tienda\\\/wp-content\\\/uploads\\\/2025\\\/07\\\/Portada_libro-1024x570-1.jpeg\",\"contentUrl\":\"https:\\\/\\\/sargantana.info\\\/tienda\\\/wp-content\\\/uploads\\\/2025\\\/07\\\/Portada_libro-1024x570-1.jpeg\",\"width\":1024,\"height\":570},{\"@type\":\"BreadcrumbList\",\"@id\":\"https:\\\/\\\/sargantana.info\\\/tienda\\\/producto\\\/libro-canfranc-el-ferrocarril-de-los-pirineos\\\/#breadcrumb\",\"itemListElement\":[{\"@type\":\"ListItem\",\"position\":1,\"name\":\"Portada\",\"item\":\"https:\\\/\\\/sargantana.info\\\/tienda\\\/\"},{\"@type\":\"ListItem\",\"position\":2,\"name\":\"Productos\",\"item\":\"https:\\\/\\\/sargantana.info\\\/tienda\\\/campamentos-de-verano-2023\\\/\"},{\"@type\":\"ListItem\",\"position\":3,\"name\":\"Libro: Canfranc, El Ferrocarril de Los Pirineos\"}]},{\"@type\":\"WebSite\",\"@id\":\"https:\\\/\\\/sargantana.info\\\/tienda\\\/#website\",\"url\":\"https:\\\/\\\/sargantana.info\\\/tienda\\\/\",\"name\":\"Sargantana\",\"description\":\"Educaci\u00f3n ambiental y tiempo libre en el Pirineo Aragon\u00e9s\",\"publisher\":{\"@id\":\"https:\\\/\\\/sargantana.info\\\/tienda\\\/#organization\"},\"potentialAction\":[{\"@type\":\"SearchAction\",\"target\":{\"@type\":\"EntryPoint\",\"urlTemplate\":\"https:\\\/\\\/sargantana.info\\\/tienda\\\/?s={search_term_string}\"},\"query-input\":{\"@type\":\"PropertyValueSpecification\",\"valueRequired\":true,\"valueName\":\"search_term_string\"}}],\"inLanguage\":\"es\"},{\"@type\":\"Organization\",\"@id\":\"https:\\\/\\\/sargantana.info\\\/tienda\\\/#organization\",\"name\":\"Sargantana\",\"url\":\"https:\\\/\\\/sargantana.info\\\/tienda\\\/\",\"logo\":{\"@type\":\"ImageObject\",\"inLanguage\":\"es\",\"@id\":\"https:\\\/\\\/sargantana.info\\\/tienda\\\/#\\\/schema\\\/logo\\\/image\\\/\",\"url\":\"https:\\\/\\\/sargantana.info\\\/tienda\\\/wp-content\\\/uploads\\\/2023\\\/02\\\/Sargantana-transparente-e1676147721574.png\",\"contentUrl\":\"https:\\\/\\\/sargantana.info\\\/tienda\\\/wp-content\\\/uploads\\\/2023\\\/02\\\/Sargantana-transparente-e1676147721574.png\",\"width\":365,\"height\":211,\"caption\":\"Sargantana\"},\"image\":{\"@id\":\"https:\\\/\\\/sargantana.info\\\/tienda\\\/#\\\/schema\\\/logo\\\/image\\\/\"},\"sameAs\":[\"https:\\\/\\\/www.facebook.com\\\/Sargantana.info\",\"https:\\\/\\\/x.com\\\/Sargantana_\",\"https:\\\/\\\/www.instagram.com\\\/sargantana_canfranc\\\/\"]}]}<\/script>\n<!-- \/ Yoast SEO plugin. -->","yoast_head_json":{"title":"Libro: Canfranc, El Ferrocarril de Los Pirineos - Sargantana","robots":{"index":"index","follow":"follow","max-snippet":"max-snippet:-1","max-image-preview":"max-image-preview:large","max-video-preview":"max-video-preview:-1"},"canonical":"https:\/\/sargantana.info\/tienda\/producto\/libro-canfranc-el-ferrocarril-de-los-pirineos\/","og_locale":"es_ES","og_type":"article","og_title":"Libro: Canfranc, El Ferrocarril de Los Pirineos - Sargantana","og_description":"Es una perspectiva global de la historia de la L\u00ednea y la Estaci\u00f3n de Canfranc, desde el manifiesto de \u201cLos aragoneses a la Naci\u00f3n espa\u00f1ola\u201d de 1853 hasta el momento actual en el que la reapertura de la Estaci\u00f3n Internacional como hotel de lujo ha permitido recuperar la esperanza por su futuro. Es una cr\u00f3nica que aborda todos los \u00e1mbitos a los que pertenece el proyecto ferroviario. Los tres primeros cap\u00edtulos describen su construcci\u00f3n, sus problemas, su puesta en marcha, funcionamiento y su cierre internacional. El cuarto y \u00faltimo cap\u00edtulo se adentra, como si de un lienzo costumbrista se tratara, en la vida cotidiana de Canfranc en los a\u00f1os inmediatamente posteriores al cierre del T\u00fanel del Somport en marzo de 1970. Se asume generalmente que la clausura del tr\u00e1fico ferroviario internacional acab\u00f3 tambi\u00e9n con la actividad econ\u00f3mica y la vida social en Los Ara\u00f1ones, pero lo cierto es que las obras hidrol\u00f3gicas, y forestales, el tr\u00e1nsito de mercanc\u00edas por carretera y el hecho de que los trenes siguieran llegando a diario al and\u00e9n espa\u00f1ol mitigaron la sensaci\u00f3n de crisis propia de los procesos de reconversi\u00f3n. Esa mirada poli\u00e9drica es la que intenta ofrecer este libro.","og_url":"https:\/\/sargantana.info\/tienda\/producto\/libro-canfranc-el-ferrocarril-de-los-pirineos\/","og_site_name":"Sargantana","article_publisher":"https:\/\/www.facebook.com\/Sargantana.info","article_modified_time":"2025-07-16T16:54:03+00:00","og_image":[{"width":1024,"height":570,"url":"https:\/\/sargantana.info\/tienda\/wp-content\/uploads\/2025\/07\/Portada_libro-1024x570-1.jpeg","type":"image\/jpeg"}],"twitter_card":"summary_large_image","twitter_site":"@Sargantana_","twitter_misc":{"Tiempo de lectura":"2 minutos"},"schema":{"@context":"https:\/\/schema.org","@graph":[{"@type":"WebPage","@id":"https:\/\/sargantana.info\/tienda\/producto\/libro-canfranc-el-ferrocarril-de-los-pirineos\/","url":"https:\/\/sargantana.info\/tienda\/producto\/libro-canfranc-el-ferrocarril-de-los-pirineos\/","name":"Libro: Canfranc, El Ferrocarril de Los Pirineos - Sargantana","isPartOf":{"@id":"https:\/\/sargantana.info\/tienda\/#website"},"primaryImageOfPage":{"@id":"https:\/\/sargantana.info\/tienda\/producto\/libro-canfranc-el-ferrocarril-de-los-pirineos\/#primaryimage"},"image":{"@id":"https:\/\/sargantana.info\/tienda\/producto\/libro-canfranc-el-ferrocarril-de-los-pirineos\/#primaryimage"},"thumbnailUrl":"https:\/\/sargantana.info\/tienda\/wp-content\/uploads\/2025\/07\/Portada_libro-1024x570-1.jpeg","datePublished":"2025-07-07T07:45:39+00:00","dateModified":"2025-07-16T16:54:03+00:00","breadcrumb":{"@id":"https:\/\/sargantana.info\/tienda\/producto\/libro-canfranc-el-ferrocarril-de-los-pirineos\/#breadcrumb"},"inLanguage":"es","potentialAction":[{"@type":"ReadAction","target":["https:\/\/sargantana.info\/tienda\/producto\/libro-canfranc-el-ferrocarril-de-los-pirineos\/"]}]},{"@type":"ImageObject","inLanguage":"es","@id":"https:\/\/sargantana.info\/tienda\/producto\/libro-canfranc-el-ferrocarril-de-los-pirineos\/#primaryimage","url":"https:\/\/sargantana.info\/tienda\/wp-content\/uploads\/2025\/07\/Portada_libro-1024x570-1.jpeg","contentUrl":"https:\/\/sargantana.info\/tienda\/wp-content\/uploads\/2025\/07\/Portada_libro-1024x570-1.jpeg","width":1024,"height":570},{"@type":"BreadcrumbList","@id":"https:\/\/sargantana.info\/tienda\/producto\/libro-canfranc-el-ferrocarril-de-los-pirineos\/#breadcrumb","itemListElement":[{"@type":"ListItem","position":1,"name":"Portada","item":"https:\/\/sargantana.info\/tienda\/"},{"@type":"ListItem","position":2,"name":"Productos","item":"https:\/\/sargantana.info\/tienda\/campamentos-de-verano-2023\/"},{"@type":"ListItem","position":3,"name":"Libro: Canfranc, El Ferrocarril de Los Pirineos"}]},{"@type":"WebSite","@id":"https:\/\/sargantana.info\/tienda\/#website","url":"https:\/\/sargantana.info\/tienda\/","name":"Sargantana","description":"Educaci\u00f3n ambiental y tiempo libre en el Pirineo Aragon\u00e9s","publisher":{"@id":"https:\/\/sargantana.info\/tienda\/#organization"},"potentialAction":[{"@type":"SearchAction","target":{"@type":"EntryPoint","urlTemplate":"https:\/\/sargantana.info\/tienda\/?s={search_term_string}"},"query-input":{"@type":"PropertyValueSpecification","valueRequired":true,"valueName":"search_term_string"}}],"inLanguage":"es"},{"@type":"Organization","@id":"https:\/\/sargantana.info\/tienda\/#organization","name":"Sargantana","url":"https:\/\/sargantana.info\/tienda\/","logo":{"@type":"ImageObject","inLanguage":"es","@id":"https:\/\/sargantana.info\/tienda\/#\/schema\/logo\/image\/","url":"https:\/\/sargantana.info\/tienda\/wp-content\/uploads\/2023\/02\/Sargantana-transparente-e1676147721574.png","contentUrl":"https:\/\/sargantana.info\/tienda\/wp-content\/uploads\/2023\/02\/Sargantana-transparente-e1676147721574.png","width":365,"height":211,"caption":"Sargantana"},"image":{"@id":"https:\/\/sargantana.info\/tienda\/#\/schema\/logo\/image\/"},"sameAs":["https:\/\/www.facebook.com\/Sargantana.info","https:\/\/x.com\/Sargantana_","https:\/\/www.instagram.com\/sargantana_canfranc\/"]}]}},"_links":{"self":[{"href":"https:\/\/sargantana.info\/tienda\/wp-json\/wp\/v2\/product\/78707","targetHints":{"allow":["GET"]}}],"collection":[{"href":"https:\/\/sargantana.info\/tienda\/wp-json\/wp\/v2\/product"}],"about":[{"href":"https:\/\/sargantana.info\/tienda\/wp-json\/wp\/v2\/types\/product"}],"wp:featuredmedia":[{"embeddable":true,"href":"https:\/\/sargantana.info\/tienda\/wp-json\/wp\/v2\/media\/78754"}],"wp:attachment":[{"href":"https:\/\/sargantana.info\/tienda\/wp-json\/wp\/v2\/media?parent=78707"}],"wp:term":[{"taxonomy":"product_brand","embeddable":true,"href":"https:\/\/sargantana.info\/tienda\/wp-json\/wp\/v2\/product_brand?post=78707"},{"taxonomy":"product_cat","embeddable":true,"href":"https:\/\/sargantana.info\/tienda\/wp-json\/wp\/v2\/product_cat?post=78707"},{"taxonomy":"product_tag","embeddable":true,"href":"https:\/\/sargantana.info\/tienda\/wp-json\/wp\/v2\/product_tag?post=78707"}],"curies":[{"name":"wp","href":"https:\/\/api.w.org\/{rel}","templated":true}]}}