{"id":610,"date":"2012-11-15T11:12:54","date_gmt":"2012-11-15T11:12:54","guid":{"rendered":"http:\/\/sargantana.info\/web\/?page_id=610"},"modified":"2024-10-18T17:27:18","modified_gmt":"2024-10-18T15:27:18","slug":"esqui-alpino","status":"publish","type":"page","link":"https:\/\/sargantana.info\/web\/programas-escolares\/esqui-alpino\/","title":{"rendered":"Esqu\u00ed Alpino"},"content":{"rendered":"\t\t<div data-elementor-type=\"wp-page\" data-elementor-id=\"610\" class=\"elementor elementor-610\" data-elementor-post-type=\"page\">\n\t\t\t\t<div class=\"elementor-element elementor-element-a483a50 e-flex e-con-boxed e-con e-parent\" data-id=\"a483a50\" data-element_type=\"container\" data-e-type=\"container\">\n\t\t\t\t\t<div class=\"e-con-inner\">\n\t\t\t\t<div class=\"elementor-element elementor-element-37ce5aac elementor-widget elementor-widget-heading\" data-id=\"37ce5aac\" data-element_type=\"widget\" data-e-type=\"widget\" data-widget_type=\"heading.default\">\n\t\t\t\t<div class=\"elementor-widget-container\">\n\t\t\t\t\t<h1 class=\"elementor-heading-title elementor-size-default\">Esqu\u00ed Alpino<\/h1>\t\t\t\t<\/div>\n\t\t\t\t<\/div>\n\t\t\t\t<div class=\"elementor-element elementor-element-27df74c4 elementor-widget-divider--view-line elementor-widget elementor-widget-divider\" data-id=\"27df74c4\" data-element_type=\"widget\" data-e-type=\"widget\" data-widget_type=\"divider.default\">\n\t\t\t\t<div class=\"elementor-widget-container\">\n\t\t\t\t\t\t\t<div class=\"elementor-divider\">\n\t\t\t<span class=\"elementor-divider-separator\">\n\t\t\t\t\t\t<\/span>\n\t\t<\/div>\n\t\t\t\t\t\t<\/div>\n\t\t\t\t<\/div>\n\t\t\t\t\t<\/div>\n\t\t\t\t<\/div>\n\t\t<div class=\"elementor-element elementor-element-1be9f565 e-flex e-con-boxed e-con e-parent\" data-id=\"1be9f565\" data-element_type=\"container\" data-e-type=\"container\">\n\t\t\t\t\t<div class=\"e-con-inner\">\n\t\t\t\t<div class=\"elementor-element elementor-element-3912d275 elementor-widget elementor-widget-heading\" data-id=\"3912d275\" data-element_type=\"widget\" data-e-type=\"widget\" data-widget_type=\"heading.default\">\n\t\t\t\t<div class=\"elementor-widget-container\">\n\t\t\t\t\t<p class=\"elementor-heading-title elementor-size-default\">Uno de los deportes de nieve m\u00e1s populares y con m\u00e1s amantes. La sensaci\u00f3n de dominar el deslizamiento de los esqu\u00eds o la tabla y poder descender empinadas laderas a una velocidad que no hab\u00edamos imaginado con nuestras propias piernas es una sensaci\u00f3n que no se puede explicar si no se vive antes. Pero es preciso aprender y hacerlo bien para evitar problemas y lesiones. Por eso hacerlo desde peque\u00f1os es una ventaja indiscutible.<br><br>\nY combinar la pr\u00e1ctica de este agradecido deporte con actividades complementarias por la tarde y la noche, tener un enfoque educativo adem\u00e1s de l\u00fadico de toda la estancia y contar con el apoyo y la direcci\u00f3n de un coordinador o coordinadora desde el principio hasta el final es la se\u00f1a de identidad que viene acompa\u00f1\u00e1ndonos a Sargantana desde hace 25 a\u00f1os ya, momento en que comenzamos a darle al esqu\u00ed alpino el tratamiento de deporte y diversi\u00f3n que siempre hemos cre\u00eddo debe tener.<\/p>\t\t\t\t<\/div>\n\t\t\t\t<\/div>\n\t\t\t\t\t<\/div>\n\t\t\t\t<\/div>\n\t\t<div class=\"elementor-element elementor-element-620c86f0 e-grid e-con-boxed e-con e-parent\" data-id=\"620c86f0\" data-element_type=\"container\" data-e-type=\"container\">\n\t\t\t\t\t<div class=\"e-con-inner\">\n\t\t<div class=\"elementor-element elementor-element-4e949f21 e-con-full e-flex e-con e-child\" data-id=\"4e949f21\" data-element_type=\"container\" data-e-type=\"container\">\n\t\t<div class=\"elementor-element elementor-element-18163338 e-con-full e-flex e-con e-child\" data-id=\"18163338\" data-element_type=\"container\" data-e-type=\"container\" data-settings=\"{&quot;background_background&quot;:&quot;classic&quot;}\">\n\t\t\t\t<\/div>\n\t\t\t\t<div class=\"elementor-element elementor-element-5a6b990c elementor-widget elementor-widget-heading\" data-id=\"5a6b990c\" data-element_type=\"widget\" data-e-type=\"widget\" data-widget_type=\"heading.default\">\n\t\t\t\t<div class=\"elementor-widget-container\">\n\t\t\t\t\t<h2 class=\"elementor-heading-title elementor-size-default\">Solicita Presupuesto Personalizado de esqu\u00ed alpino<\/h2>\t\t\t\t<\/div>\n\t\t\t\t<\/div>\n\t\t\t\t<div class=\"elementor-element elementor-element-1aa03899 elementor-align-center e-transform elementor-widget elementor-widget-button\" data-id=\"1aa03899\" data-element_type=\"widget\" data-e-type=\"widget\" data-settings=\"{&quot;_transform_scale_effect_hover&quot;:{&quot;unit&quot;:&quot;px&quot;,&quot;size&quot;:1.1,&quot;sizes&quot;:[]},&quot;_transform_scale_effect_hover_tablet&quot;:{&quot;unit&quot;:&quot;px&quot;,&quot;size&quot;:&quot;&quot;,&quot;sizes&quot;:[]},&quot;_transform_scale_effect_hover_mobile&quot;:{&quot;unit&quot;:&quot;px&quot;,&quot;size&quot;:&quot;&quot;,&quot;sizes&quot;:[]}}\" data-widget_type=\"button.default\">\n\t\t\t\t<div class=\"elementor-widget-container\">\n\t\t\t\t\t\t\t\t\t<div class=\"elementor-button-wrapper\">\n\t\t\t\t\t<a class=\"elementor-button elementor-button-link elementor-size-sm\" href=\"https:\/\/forms.office.com\/e\/42XkFg7yus\" target=\"_blank\">\n\t\t\t\t\t\t<span class=\"elementor-button-content-wrapper\">\n\t\t\t\t\t\t\t\t\t<span class=\"elementor-button-text\">SOLICITAR<\/span>\n\t\t\t\t\t<\/span>\n\t\t\t\t\t<\/a>\n\t\t\t\t<\/div>\n\t\t\t\t\t\t\t\t<\/div>\n\t\t\t\t<\/div>\n\t\t\t\t<\/div>\n\t\t<div class=\"elementor-element elementor-element-71b3dce3 e-con-full e-flex e-con e-child\" data-id=\"71b3dce3\" data-element_type=\"container\" data-e-type=\"container\">\n\t\t<div class=\"elementor-element elementor-element-232256ae e-con-full e-flex e-con e-child\" data-id=\"232256ae\" data-element_type=\"container\" data-e-type=\"container\" data-settings=\"{&quot;background_background&quot;:&quot;classic&quot;}\">\n\t\t\t\t<\/div>\n\t\t\t\t<div class=\"elementor-element elementor-element-5d0a3a7 elementor-widget elementor-widget-heading\" data-id=\"5d0a3a7\" data-element_type=\"widget\" data-e-type=\"widget\" data-widget_type=\"heading.default\">\n\t\t\t\t<div class=\"elementor-widget-container\">\n\t\t\t\t\t<h2 class=\"elementor-heading-title elementor-size-default\">Solicita Presupuesto Personalizado de esqu\u00ed de fondo<\/h2>\t\t\t\t<\/div>\n\t\t\t\t<\/div>\n\t\t\t\t<div class=\"elementor-element elementor-element-30a3d2e elementor-align-center e-transform elementor-widget elementor-widget-button\" data-id=\"30a3d2e\" data-element_type=\"widget\" data-e-type=\"widget\" data-settings=\"{&quot;_transform_scale_effect_hover&quot;:{&quot;unit&quot;:&quot;px&quot;,&quot;size&quot;:1.1,&quot;sizes&quot;:[]},&quot;_transform_scale_effect_hover_tablet&quot;:{&quot;unit&quot;:&quot;px&quot;,&quot;size&quot;:&quot;&quot;,&quot;sizes&quot;:[]},&quot;_transform_scale_effect_hover_mobile&quot;:{&quot;unit&quot;:&quot;px&quot;,&quot;size&quot;:&quot;&quot;,&quot;sizes&quot;:[]}}\" data-widget_type=\"button.default\">\n\t\t\t\t<div class=\"elementor-widget-container\">\n\t\t\t\t\t\t\t\t\t<div class=\"elementor-button-wrapper\">\n\t\t\t\t\t<a class=\"elementor-button elementor-button-link elementor-size-sm\" href=\"https:\/\/forms.office.com\/e\/5KAZMD6ZDN\" target=\"_blank\">\n\t\t\t\t\t\t<span class=\"elementor-button-content-wrapper\">\n\t\t\t\t\t\t\t\t\t<span class=\"elementor-button-text\">SOLICITAR<\/span>\n\t\t\t\t\t<\/span>\n\t\t\t\t\t<\/a>\n\t\t\t\t<\/div>\n\t\t\t\t\t\t\t\t<\/div>\n\t\t\t\t<\/div>\n\t\t\t\t<\/div>\n\t\t\t\t\t<\/div>\n\t\t\t\t<\/div>\n\t\t\t\t<\/div>\n\t\t","protected":false},"excerpt":{"rendered":"<p>Esqu\u00ed Alpino Uno de los deportes de nieve m\u00e1s populares y con m\u00e1s amantes. La sensaci\u00f3n de dominar el deslizamiento de los esqu\u00eds o la tabla y poder descender empinadas laderas a una velocidad que no hab\u00edamos imaginado con nuestras propias piernas es una sensaci\u00f3n que no se puede explicar si no se vive antes. [&hellip;]<\/p>\n","protected":false},"author":1,"featured_media":0,"parent":2171,"menu_order":6,"comment_status":"closed","ping_status":"closed","template":"","meta":{"inline_featured_image":false,"_joinchat":[],"footnotes":""},"class_list":["post-610","page","type-page","status-publish","hentry"],"yoast_head":"<!-- This site is optimized with the Yoast SEO plugin v27.4 - https:\/\/yoast.com\/product\/yoast-seo-wordpress\/ -->\n<title>Esqu\u00ed Alpino - Sargantana<\/title>\n<meta name=\"description\" content=\"Esqu\u00ed alpino en el Pirineo Aragon\u00e9s: aprende y disfruta del deporte de nieve con actividades educativas y recreativas.\" \/>\n<meta name=\"robots\" content=\"index, follow, max-snippet:-1, max-image-preview:large, max-video-preview:-1\" \/>\n<link rel=\"canonical\" href=\"https:\/\/sargantana.info\/web\/programas-escolares\/esqui-alpino\/\" \/>\n<meta property=\"og:locale\" content=\"es_ES\" \/>\n<meta property=\"og:type\" content=\"article\" \/>\n<meta property=\"og:title\" content=\"Esqu\u00ed Alpino - Sargantana\" \/>\n<meta property=\"og:description\" content=\"Esqu\u00ed alpino en el Pirineo Aragon\u00e9s: aprende y disfruta del deporte de nieve con actividades educativas y recreativas.\" \/>\n<meta property=\"og:url\" content=\"https:\/\/sargantana.info\/web\/programas-escolares\/esqui-alpino\/\" \/>\n<meta property=\"og:site_name\" content=\"Sargantana\" \/>\n<meta property=\"article:publisher\" content=\"https:\/\/www.facebook.com\/Sargantana.info\" \/>\n<meta property=\"article:modified_time\" content=\"2024-10-18T15:27:18+00:00\" \/>\n<meta name=\"twitter:card\" content=\"summary_large_image\" \/>\n<meta name=\"twitter:site\" content=\"@Sargantana_\" \/>\n<meta name=\"twitter:label1\" content=\"Tiempo de lectura\" \/>\n\t<meta name=\"twitter:data1\" content=\"1 minuto\" \/>\n<script type=\"application\/ld+json\" class=\"yoast-schema-graph\">{\"@context\":\"https:\\\/\\\/schema.org\",\"@graph\":[{\"@type\":\"WebPage\",\"@id\":\"https:\\\/\\\/sargantana.info\\\/web\\\/programas-escolares\\\/esqui-alpino\\\/\",\"url\":\"https:\\\/\\\/sargantana.info\\\/web\\\/programas-escolares\\\/esqui-alpino\\\/\",\"name\":\"Esqu\u00ed Alpino - Sargantana\",\"isPartOf\":{\"@id\":\"https:\\\/\\\/sargantana.info\\\/web\\\/#website\"},\"datePublished\":\"2012-11-15T11:12:54+00:00\",\"dateModified\":\"2024-10-18T15:27:18+00:00\",\"description\":\"Esqu\u00ed alpino en el Pirineo Aragon\u00e9s: aprende y disfruta del deporte de nieve con actividades educativas y recreativas.\",\"breadcrumb\":{\"@id\":\"https:\\\/\\\/sargantana.info\\\/web\\\/programas-escolares\\\/esqui-alpino\\\/#breadcrumb\"},\"inLanguage\":\"es\",\"potentialAction\":[{\"@type\":\"ReadAction\",\"target\":[\"https:\\\/\\\/sargantana.info\\\/web\\\/programas-escolares\\\/esqui-alpino\\\/\"]}]},{\"@type\":\"BreadcrumbList\",\"@id\":\"https:\\\/\\\/sargantana.info\\\/web\\\/programas-escolares\\\/esqui-alpino\\\/#breadcrumb\",\"itemListElement\":[{\"@type\":\"ListItem\",\"position\":1,\"name\":\"Portada\",\"item\":\"https:\\\/\\\/sargantana.info\\\/web\\\/\"},{\"@type\":\"ListItem\",\"position\":2,\"name\":\"Programas escolares\",\"item\":\"https:\\\/\\\/sargantana.info\\\/web\\\/programas-escolares\\\/\"},{\"@type\":\"ListItem\",\"position\":3,\"name\":\"Esqu\u00ed Alpino\"}]},{\"@type\":\"WebSite\",\"@id\":\"https:\\\/\\\/sargantana.info\\\/web\\\/#website\",\"url\":\"https:\\\/\\\/sargantana.info\\\/web\\\/\",\"name\":\"Sargantana\",\"description\":\"Educaci\u00f3n ambiental y tiempo libre en el Pirineo Aragon\u00e9s\",\"publisher\":{\"@id\":\"https:\\\/\\\/sargantana.info\\\/web\\\/#organization\"},\"potentialAction\":[{\"@type\":\"SearchAction\",\"target\":{\"@type\":\"EntryPoint\",\"urlTemplate\":\"https:\\\/\\\/sargantana.info\\\/web\\\/?s={search_term_string}\"},\"query-input\":{\"@type\":\"PropertyValueSpecification\",\"valueRequired\":true,\"valueName\":\"search_term_string\"}}],\"inLanguage\":\"es\"},{\"@type\":\"Organization\",\"@id\":\"https:\\\/\\\/sargantana.info\\\/web\\\/#organization\",\"name\":\"Sargantana\",\"url\":\"https:\\\/\\\/sargantana.info\\\/web\\\/\",\"logo\":{\"@type\":\"ImageObject\",\"inLanguage\":\"es\",\"@id\":\"https:\\\/\\\/sargantana.info\\\/web\\\/#\\\/schema\\\/logo\\\/image\\\/\",\"url\":\"https:\\\/\\\/sargantana.info\\\/web\\\/wp-content\\\/uploads\\\/2023\\\/02\\\/Sargantana-transparente-e1676147721574.png\",\"contentUrl\":\"https:\\\/\\\/sargantana.info\\\/web\\\/wp-content\\\/uploads\\\/2023\\\/02\\\/Sargantana-transparente-e1676147721574.png\",\"width\":365,\"height\":211,\"caption\":\"Sargantana\"},\"image\":{\"@id\":\"https:\\\/\\\/sargantana.info\\\/web\\\/#\\\/schema\\\/logo\\\/image\\\/\"},\"sameAs\":[\"https:\\\/\\\/www.facebook.com\\\/Sargantana.info\",\"https:\\\/\\\/x.com\\\/Sargantana_\",\"https:\\\/\\\/www.instagram.com\\\/sargantana_canfranc\\\/\"]}]}<\/script>\n<!-- \/ Yoast SEO plugin. -->","yoast_head_json":{"title":"Esqu\u00ed Alpino - Sargantana","description":"Esqu\u00ed alpino en el Pirineo Aragon\u00e9s: aprende y disfruta del deporte de nieve con actividades educativas y recreativas.","robots":{"index":"index","follow":"follow","max-snippet":"max-snippet:-1","max-image-preview":"max-image-preview:large","max-video-preview":"max-video-preview:-1"},"canonical":"https:\/\/sargantana.info\/web\/programas-escolares\/esqui-alpino\/","og_locale":"es_ES","og_type":"article","og_title":"Esqu\u00ed Alpino - Sargantana","og_description":"Esqu\u00ed alpino en el Pirineo Aragon\u00e9s: aprende y disfruta del deporte de nieve con actividades educativas y recreativas.","og_url":"https:\/\/sargantana.info\/web\/programas-escolares\/esqui-alpino\/","og_site_name":"Sargantana","article_publisher":"https:\/\/www.facebook.com\/Sargantana.info","article_modified_time":"2024-10-18T15:27:18+00:00","twitter_card":"summary_large_image","twitter_site":"@Sargantana_","twitter_misc":{"Tiempo de lectura":"1 minuto"},"schema":{"@context":"https:\/\/schema.org","@graph":[{"@type":"WebPage","@id":"https:\/\/sargantana.info\/web\/programas-escolares\/esqui-alpino\/","url":"https:\/\/sargantana.info\/web\/programas-escolares\/esqui-alpino\/","name":"Esqu\u00ed Alpino - Sargantana","isPartOf":{"@id":"https:\/\/sargantana.info\/web\/#website"},"datePublished":"2012-11-15T11:12:54+00:00","dateModified":"2024-10-18T15:27:18+00:00","description":"Esqu\u00ed alpino en el Pirineo Aragon\u00e9s: aprende y disfruta del deporte de nieve con actividades educativas y recreativas.","breadcrumb":{"@id":"https:\/\/sargantana.info\/web\/programas-escolares\/esqui-alpino\/#breadcrumb"},"inLanguage":"es","potentialAction":[{"@type":"ReadAction","target":["https:\/\/sargantana.info\/web\/programas-escolares\/esqui-alpino\/"]}]},{"@type":"BreadcrumbList","@id":"https:\/\/sargantana.info\/web\/programas-escolares\/esqui-alpino\/#breadcrumb","itemListElement":[{"@type":"ListItem","position":1,"name":"Portada","item":"https:\/\/sargantana.info\/web\/"},{"@type":"ListItem","position":2,"name":"Programas escolares","item":"https:\/\/sargantana.info\/web\/programas-escolares\/"},{"@type":"ListItem","position":3,"name":"Esqu\u00ed Alpino"}]},{"@type":"WebSite","@id":"https:\/\/sargantana.info\/web\/#website","url":"https:\/\/sargantana.info\/web\/","name":"Sargantana","description":"Educaci\u00f3n ambiental y tiempo libre en el Pirineo Aragon\u00e9s","publisher":{"@id":"https:\/\/sargantana.info\/web\/#organization"},"potentialAction":[{"@type":"SearchAction","target":{"@type":"EntryPoint","urlTemplate":"https:\/\/sargantana.info\/web\/?s={search_term_string}"},"query-input":{"@type":"PropertyValueSpecification","valueRequired":true,"valueName":"search_term_string"}}],"inLanguage":"es"},{"@type":"Organization","@id":"https:\/\/sargantana.info\/web\/#organization","name":"Sargantana","url":"https:\/\/sargantana.info\/web\/","logo":{"@type":"ImageObject","inLanguage":"es","@id":"https:\/\/sargantana.info\/web\/#\/schema\/logo\/image\/","url":"https:\/\/sargantana.info\/web\/wp-content\/uploads\/2023\/02\/Sargantana-transparente-e1676147721574.png","contentUrl":"https:\/\/sargantana.info\/web\/wp-content\/uploads\/2023\/02\/Sargantana-transparente-e1676147721574.png","width":365,"height":211,"caption":"Sargantana"},"image":{"@id":"https:\/\/sargantana.info\/web\/#\/schema\/logo\/image\/"},"sameAs":["https:\/\/www.facebook.com\/Sargantana.info","https:\/\/x.com\/Sargantana_","https:\/\/www.instagram.com\/sargantana_canfranc\/"]}]}},"_links":{"self":[{"href":"https:\/\/sargantana.info\/web\/wp-json\/wp\/v2\/pages\/610","targetHints":{"allow":["GET"]}}],"collection":[{"href":"https:\/\/sargantana.info\/web\/wp-json\/wp\/v2\/pages"}],"about":[{"href":"https:\/\/sargantana.info\/web\/wp-json\/wp\/v2\/types\/page"}],"author":[{"embeddable":true,"href":"https:\/\/sargantana.info\/web\/wp-json\/wp\/v2\/users\/1"}],"replies":[{"embeddable":true,"href":"https:\/\/sargantana.info\/web\/wp-json\/wp\/v2\/comments?post=610"}],"version-history":[{"count":24,"href":"https:\/\/sargantana.info\/web\/wp-json\/wp\/v2\/pages\/610\/revisions"}],"predecessor-version":[{"id":78268,"href":"https:\/\/sargantana.info\/web\/wp-json\/wp\/v2\/pages\/610\/revisions\/78268"}],"up":[{"embeddable":true,"href":"https:\/\/sargantana.info\/web\/wp-json\/wp\/v2\/pages\/2171"}],"wp:attachment":[{"href":"https:\/\/sargantana.info\/web\/wp-json\/wp\/v2\/media?parent=610"}],"curies":[{"name":"wp","href":"https:\/\/api.w.org\/{rel}","templated":true}]}}