{"id":76873,"date":"2024-08-13T10:32:58","date_gmt":"2024-08-13T08:32:58","guid":{"rendered":"https:\/\/sargantana.info\/web\/?page_id=76873"},"modified":"2025-05-13T11:10:10","modified_gmt":"2025-05-13T09:10:10","slug":"visitas-guiadas-al-hospital-de-santa-cristina-de-somport","status":"publish","type":"page","link":"https:\/\/sargantana.info\/web\/visitas-guiadas-al-hospital-de-santa-cristina-de-somport\/","title":{"rendered":"Visitas Guiadas al Hospital de Santa Cristina de Somport"},"content":{"rendered":"\t\t<div data-elementor-type=\"wp-page\" data-elementor-id=\"76873\" class=\"elementor elementor-76873\" data-elementor-post-type=\"page\">\n\t\t\t\t<div class=\"elementor-element elementor-element-6e9d5f9 e-flex e-con-boxed e-con e-parent\" data-id=\"6e9d5f9\" data-element_type=\"container\" data-e-type=\"container\">\n\t\t\t\t\t<div class=\"e-con-inner\">\n\t\t\t\t<div class=\"elementor-element elementor-element-f245ff1 elementor-widget elementor-widget-heading\" data-id=\"f245ff1\" data-element_type=\"widget\" data-e-type=\"widget\" data-widget_type=\"heading.default\">\n\t\t\t\t<div class=\"elementor-widget-container\">\n\t\t\t\t\t<h1 class=\"elementor-heading-title elementor-size-default\">Visitas guiadas al Hospital de Santa Cristina de Somport<\/h1>\t\t\t\t<\/div>\n\t\t\t\t<\/div>\n\t\t\t\t<div class=\"elementor-element elementor-element-94c0c61 elementor-widget-divider--view-line elementor-widget elementor-widget-divider\" data-id=\"94c0c61\" data-element_type=\"widget\" data-e-type=\"widget\" data-widget_type=\"divider.default\">\n\t\t\t\t<div class=\"elementor-widget-container\">\n\t\t\t\t\t\t\t<div class=\"elementor-divider\">\n\t\t\t<span class=\"elementor-divider-separator\">\n\t\t\t\t\t\t<\/span>\n\t\t<\/div>\n\t\t\t\t\t\t<\/div>\n\t\t\t\t<\/div>\n\t\t\t\t<div class=\"elementor-element elementor-element-9bfb75f elementor-widget elementor-widget-heading\" data-id=\"9bfb75f\" data-element_type=\"widget\" data-e-type=\"widget\" data-widget_type=\"heading.default\">\n\t\t\t\t<div class=\"elementor-widget-container\">\n\t\t\t\t\t<p class=\"elementor-heading-title elementor-size-default\">Venta Online de entradas a visitas guiadas al Hospital de Santa Cristina de Somport<\/p>\t\t\t\t<\/div>\n\t\t\t\t<\/div>\n\t\t\t\t<div class=\"elementor-element elementor-element-732b940 elementor-widget elementor-widget-html\" data-id=\"732b940\" data-element_type=\"widget\" data-e-type=\"widget\" data-widget_type=\"html.default\">\n\t\t\t\t<div class=\"elementor-widget-container\">\n\t\t\t\t\t<div class=\"iframe-container\"><iframe sandbox=\"allow-top-navigation allow-forms allow-modals allow-scripts allow-same-origin allow-popups\" src=\"https:\/\/app.turitop.com\/booking\/box\/S1374\/P4\/es?ts=1723535784169&returnUrl=aHR0cHM6Ly9zYXJnYW50YW5hLmluZm8vd2ViL2hvc3BpdGFsLWRlLXNhbnRhLWNyaXN0aW5hLWRlLXNvbXBvcnQv\" name=\"turitop-iframe-0\" height=\"600\" class=\"iframe-resizable-turitop\" id=\"iFrameResizer0\" scrolling=\"no\"><\/iframe><\/div>\t\t\t\t<\/div>\n\t\t\t\t<\/div>\n\t\t\t\t\t<\/div>\n\t\t\t\t<\/div>\n\t\t<div class=\"elementor-element elementor-element-3582eac e-flex e-con-boxed e-con e-parent\" data-id=\"3582eac\" data-element_type=\"container\" data-e-type=\"container\">\n\t\t\t\t\t<div class=\"e-con-inner\">\n\t\t\t\t<div class=\"elementor-element elementor-element-cbf61ae elementor-widget elementor-widget-heading\" data-id=\"cbf61ae\" data-element_type=\"widget\" data-e-type=\"widget\" data-widget_type=\"heading.default\">\n\t\t\t\t<div class=\"elementor-widget-container\">\n\t\t\t\t\t<h2 class=\"elementor-heading-title elementor-size-default\">Visitas Guiadas al Hospital de Santa Cristina de Somport: Un Viaje al Pasado<\/h2>\t\t\t\t<\/div>\n\t\t\t\t<\/div>\n\t\t\t\t<div class=\"elementor-element elementor-element-c4e1c47 elementor-widget elementor-widget-text-editor\" data-id=\"c4e1c47\" data-element_type=\"widget\" data-e-type=\"widget\" data-widget_type=\"text-editor.default\">\n\t\t\t\t<div class=\"elementor-widget-container\">\n\t\t\t\t\t\t\t\t\t<p>El\u00a0<strong>Hospital de Santa Cristina de Somport<\/strong>\u00a0es un lugar emblem\u00e1tico situado en el coraz\u00f3n del\u00a0<strong>Pirineo Aragon\u00e9s<\/strong>. Este hospital, con una rica historia que se remonta a la Edad Media, ofrece una experiencia \u00fanica a trav\u00e9s de sus\u00a0<strong>visitas guiadas<\/strong>. Estas visitas permiten a los visitantes sumergirse en la historia y la cultura de la regi\u00f3n, explorando uno de los puntos m\u00e1s importantes del\u00a0<strong>Camino de Santiago<\/strong>.<\/p>\t\t\t\t\t\t\t\t<\/div>\n\t\t\t\t<\/div>\n\t\t\t\t<div class=\"elementor-element elementor-element-56ca50b elementor-widget elementor-widget-heading\" data-id=\"56ca50b\" data-element_type=\"widget\" data-e-type=\"widget\" data-widget_type=\"heading.default\">\n\t\t\t\t<div class=\"elementor-widget-container\">\n\t\t\t\t\t<h2 class=\"elementor-heading-title elementor-size-default\">Historia del Hospital de Santa Cristina de Somport<\/h2>\t\t\t\t<\/div>\n\t\t\t\t<\/div>\n\t\t\t\t<div class=\"elementor-element elementor-element-c78fe4a elementor-widget elementor-widget-text-editor\" data-id=\"c78fe4a\" data-element_type=\"widget\" data-e-type=\"widget\" data-widget_type=\"text-editor.default\">\n\t\t\t\t<div class=\"elementor-widget-container\">\n\t\t\t\t\t\t\t\t\t<p>Fundado en el siglo XI, el\u00a0<strong>Hospital de Santa Cristina de Somport<\/strong>\u00a0fue uno de los tres hospitales m\u00e1s importantes del Camino de Santiago, junto con el Hospital de San Juan de Jerusal\u00e9n y el Hospital de Roncesvalles. Este hospital medieval proporcionaba refugio y asistencia a los peregrinos que atravesaban los Pirineos en su camino hacia Santiago de Compostela.<\/p>\t\t\t\t\t\t\t\t<\/div>\n\t\t\t\t<\/div>\n\t\t\t\t<div class=\"elementor-element elementor-element-9f34d21 elementor-widget elementor-widget-heading\" data-id=\"9f34d21\" data-element_type=\"widget\" data-e-type=\"widget\" data-widget_type=\"heading.default\">\n\t\t\t\t<div class=\"elementor-widget-container\">\n\t\t\t\t\t<h2 class=\"elementor-heading-title elementor-size-default\">Qu\u00e9 ver en las Visitas Guiadas<\/h2>\t\t\t\t<\/div>\n\t\t\t\t<\/div>\n\t\t\t\t<div class=\"elementor-element elementor-element-5f8b240 elementor-widget elementor-widget-text-editor\" data-id=\"5f8b240\" data-element_type=\"widget\" data-e-type=\"widget\" data-widget_type=\"text-editor.default\">\n\t\t\t\t<div class=\"elementor-widget-container\">\n\t\t\t\t\t\t\t\t\t<p>Las\u00a0<strong>visitas guiadas<\/strong>\u00a0al Hospital de Santa Cristina de Somport ofrecen una visi\u00f3n detallada de la arquitectura y la historia del lugar. Los visitantes pueden explorar las antiguas salas de hospitalizaci\u00f3n, la capilla y otros espacios hist\u00f3ricos que han sido cuidadosamente restaurados. Adem\u00e1s, las visitas incluyen explicaciones sobre la vida cotidiana en el hospital durante la Edad Media y la importancia del hospital en la ruta jacobea.<\/p>\t\t\t\t\t\t\t\t<\/div>\n\t\t\t\t<\/div>\n\t\t\t\t<div class=\"elementor-element elementor-element-d237b42 elementor-widget elementor-widget-heading\" data-id=\"d237b42\" data-element_type=\"widget\" data-e-type=\"widget\" data-widget_type=\"heading.default\">\n\t\t\t\t<div class=\"elementor-widget-container\">\n\t\t\t\t\t<h2 class=\"elementor-heading-title elementor-size-default\">Actividades y Programas Educativos<\/h2>\t\t\t\t<\/div>\n\t\t\t\t<\/div>\n\t\t\t\t<div class=\"elementor-element elementor-element-c3e8cc9 elementor-widget elementor-widget-text-editor\" data-id=\"c3e8cc9\" data-element_type=\"widget\" data-e-type=\"widget\" data-widget_type=\"text-editor.default\">\n\t\t\t\t<div class=\"elementor-widget-container\">\n\t\t\t\t\t\t\t\t\t<p>Adem\u00e1s de las visitas guiadas, el Hospital de Santa Cristina de Somport ofrece una variedad de\u00a0<strong>programas educativos<\/strong>\u00a0y actividades para grupos escolares y turistas. Estos programas est\u00e1n dise\u00f1ados para proporcionar una experiencia educativa y enriquecedora, con actividades que abarcan desde talleres de historia hasta rutas de senderismo por los alrededores del hospital.<\/p>\t\t\t\t\t\t\t\t<\/div>\n\t\t\t\t<\/div>\n\t\t\t\t\t<\/div>\n\t\t\t\t<\/div>\n\t\t<div class=\"elementor-element elementor-element-1022c54 e-flex e-con-boxed e-con e-parent\" data-id=\"1022c54\" data-element_type=\"container\" data-e-type=\"container\">\n\t\t\t\t\t<div class=\"e-con-inner\">\n\t\t\t\t<div class=\"elementor-element elementor-element-d6bd79a elementor-widget elementor-widget-image\" data-id=\"d6bd79a\" data-element_type=\"widget\" data-e-type=\"widget\" data-widget_type=\"image.default\">\n\t\t\t\t<div class=\"elementor-widget-container\">\n\t\t\t\t\t\t\t\t\t\t\t\t\t\t\t<img fetchpriority=\"high\" decoding=\"async\" width=\"724\" height=\"1024\" src=\"https:\/\/sargantana.info\/web\/wp-content\/uploads\/2025\/05\/Santa-Cristina_verano-2025-724x1024.png\" class=\"attachment-large size-large wp-image-78695\" alt=\"\" srcset=\"https:\/\/sargantana.info\/web\/wp-content\/uploads\/2025\/05\/Santa-Cristina_verano-2025-724x1024.png 724w, https:\/\/sargantana.info\/web\/wp-content\/uploads\/2025\/05\/Santa-Cristina_verano-2025-212x300.png 212w, https:\/\/sargantana.info\/web\/wp-content\/uploads\/2025\/05\/Santa-Cristina_verano-2025-768x1086.png 768w, https:\/\/sargantana.info\/web\/wp-content\/uploads\/2025\/05\/Santa-Cristina_verano-2025-1086x1536.png 1086w, https:\/\/sargantana.info\/web\/wp-content\/uploads\/2025\/05\/Santa-Cristina_verano-2025.png 1414w\" sizes=\"(max-width: 724px) 100vw, 724px\" \/>\t\t\t\t\t\t\t\t\t\t\t\t\t\t\t<\/div>\n\t\t\t\t<\/div>\n\t\t\t\t\t<\/div>\n\t\t\t\t<\/div>\n\t\t\t\t<\/div>\n\t\t","protected":false},"excerpt":{"rendered":"<p>Visitas guiadas al Hospital de Santa Cristina de Somport Venta Online de entradas a visitas guiadas al Hospital de Santa Cristina de Somport Visitas Guiadas al Hospital de Santa Cristina de Somport: Un Viaje al Pasado El\u00a0Hospital de Santa Cristina de Somport\u00a0es un lugar emblem\u00e1tico situado en el coraz\u00f3n del\u00a0Pirineo Aragon\u00e9s. Este hospital, con una [&hellip;]<\/p>\n","protected":false},"author":36,"featured_media":0,"parent":0,"menu_order":0,"comment_status":"closed","ping_status":"closed","template":"","meta":{"inline_featured_image":false,"_joinchat":[],"footnotes":""},"class_list":["post-76873","page","type-page","status-publish","hentry"],"yoast_head":"<!-- This site is optimized with the Yoast SEO plugin v27.4 - https:\/\/yoast.com\/product\/yoast-seo-wordpress\/ -->\n<title>Visitas Guiadas al Hospital de Santa Cristina de Somport - Sargantana<\/title>\n<meta name=\"description\" content=\"Explora el hist\u00f3rico Hospital de Santa Cristina de Somport: visitas guiadas educativas en el coraz\u00f3n del Pirineo Aragon\u00e9s.\" \/>\n<meta name=\"robots\" content=\"index, follow, max-snippet:-1, max-image-preview:large, max-video-preview:-1\" \/>\n<link rel=\"canonical\" href=\"https:\/\/sargantana.info\/web\/visitas-guiadas-al-hospital-de-santa-cristina-de-somport\/\" \/>\n<meta property=\"og:locale\" content=\"es_ES\" \/>\n<meta property=\"og:type\" content=\"article\" \/>\n<meta property=\"og:title\" content=\"Visitas Guiadas al Hospital de Santa Cristina de Somport - Sargantana\" \/>\n<meta property=\"og:description\" content=\"Explora el hist\u00f3rico Hospital de Santa Cristina de Somport: visitas guiadas educativas en el coraz\u00f3n del Pirineo Aragon\u00e9s.\" \/>\n<meta property=\"og:url\" content=\"https:\/\/sargantana.info\/web\/visitas-guiadas-al-hospital-de-santa-cristina-de-somport\/\" \/>\n<meta property=\"og:site_name\" content=\"Sargantana\" \/>\n<meta property=\"article:publisher\" content=\"https:\/\/www.facebook.com\/Sargantana.info\" \/>\n<meta property=\"article:modified_time\" content=\"2025-05-13T09:10:10+00:00\" \/>\n<meta property=\"og:image\" content=\"https:\/\/sargantana.info\/web\/wp-content\/uploads\/2025\/05\/Santa-Cristina_verano-2025-724x1024.png\" \/>\n\t<meta property=\"og:image:width\" content=\"724\" \/>\n\t<meta property=\"og:image:height\" content=\"1024\" \/>\n\t<meta property=\"og:image:type\" content=\"image\/png\" \/>\n<meta name=\"twitter:card\" content=\"summary_large_image\" \/>\n<meta name=\"twitter:site\" content=\"@Sargantana_\" \/>\n<meta name=\"twitter:label1\" content=\"Tiempo de lectura\" \/>\n\t<meta name=\"twitter:data1\" content=\"2 minutos\" \/>\n<script type=\"application\/ld+json\" class=\"yoast-schema-graph\">{\"@context\":\"https:\\\/\\\/schema.org\",\"@graph\":[{\"@type\":\"WebPage\",\"@id\":\"https:\\\/\\\/sargantana.info\\\/web\\\/visitas-guiadas-al-hospital-de-santa-cristina-de-somport\\\/\",\"url\":\"https:\\\/\\\/sargantana.info\\\/web\\\/visitas-guiadas-al-hospital-de-santa-cristina-de-somport\\\/\",\"name\":\"Visitas Guiadas al Hospital de Santa Cristina de Somport - Sargantana\",\"isPartOf\":{\"@id\":\"https:\\\/\\\/sargantana.info\\\/web\\\/#website\"},\"primaryImageOfPage\":{\"@id\":\"https:\\\/\\\/sargantana.info\\\/web\\\/visitas-guiadas-al-hospital-de-santa-cristina-de-somport\\\/#primaryimage\"},\"image\":{\"@id\":\"https:\\\/\\\/sargantana.info\\\/web\\\/visitas-guiadas-al-hospital-de-santa-cristina-de-somport\\\/#primaryimage\"},\"thumbnailUrl\":\"https:\\\/\\\/sargantana.info\\\/web\\\/wp-content\\\/uploads\\\/2025\\\/05\\\/Santa-Cristina_verano-2025-724x1024.png\",\"datePublished\":\"2024-08-13T08:32:58+00:00\",\"dateModified\":\"2025-05-13T09:10:10+00:00\",\"description\":\"Explora el hist\u00f3rico Hospital de Santa Cristina de Somport: visitas guiadas educativas en el coraz\u00f3n del Pirineo Aragon\u00e9s.\",\"breadcrumb\":{\"@id\":\"https:\\\/\\\/sargantana.info\\\/web\\\/visitas-guiadas-al-hospital-de-santa-cristina-de-somport\\\/#breadcrumb\"},\"inLanguage\":\"es\",\"potentialAction\":[{\"@type\":\"ReadAction\",\"target\":[\"https:\\\/\\\/sargantana.info\\\/web\\\/visitas-guiadas-al-hospital-de-santa-cristina-de-somport\\\/\"]}]},{\"@type\":\"ImageObject\",\"inLanguage\":\"es\",\"@id\":\"https:\\\/\\\/sargantana.info\\\/web\\\/visitas-guiadas-al-hospital-de-santa-cristina-de-somport\\\/#primaryimage\",\"url\":\"https:\\\/\\\/sargantana.info\\\/web\\\/wp-content\\\/uploads\\\/2025\\\/05\\\/Santa-Cristina_verano-2025.png\",\"contentUrl\":\"https:\\\/\\\/sargantana.info\\\/web\\\/wp-content\\\/uploads\\\/2025\\\/05\\\/Santa-Cristina_verano-2025.png\",\"width\":1414,\"height\":2000},{\"@type\":\"BreadcrumbList\",\"@id\":\"https:\\\/\\\/sargantana.info\\\/web\\\/visitas-guiadas-al-hospital-de-santa-cristina-de-somport\\\/#breadcrumb\",\"itemListElement\":[{\"@type\":\"ListItem\",\"position\":1,\"name\":\"Portada\",\"item\":\"https:\\\/\\\/sargantana.info\\\/web\\\/\"},{\"@type\":\"ListItem\",\"position\":2,\"name\":\"Visitas Guiadas al Hospital de Santa Cristina de Somport\"}]},{\"@type\":\"WebSite\",\"@id\":\"https:\\\/\\\/sargantana.info\\\/web\\\/#website\",\"url\":\"https:\\\/\\\/sargantana.info\\\/web\\\/\",\"name\":\"Sargantana\",\"description\":\"Educaci\u00f3n ambiental y tiempo libre en el Pirineo Aragon\u00e9s\",\"publisher\":{\"@id\":\"https:\\\/\\\/sargantana.info\\\/web\\\/#organization\"},\"potentialAction\":[{\"@type\":\"SearchAction\",\"target\":{\"@type\":\"EntryPoint\",\"urlTemplate\":\"https:\\\/\\\/sargantana.info\\\/web\\\/?s={search_term_string}\"},\"query-input\":{\"@type\":\"PropertyValueSpecification\",\"valueRequired\":true,\"valueName\":\"search_term_string\"}}],\"inLanguage\":\"es\"},{\"@type\":\"Organization\",\"@id\":\"https:\\\/\\\/sargantana.info\\\/web\\\/#organization\",\"name\":\"Sargantana\",\"url\":\"https:\\\/\\\/sargantana.info\\\/web\\\/\",\"logo\":{\"@type\":\"ImageObject\",\"inLanguage\":\"es\",\"@id\":\"https:\\\/\\\/sargantana.info\\\/web\\\/#\\\/schema\\\/logo\\\/image\\\/\",\"url\":\"https:\\\/\\\/sargantana.info\\\/web\\\/wp-content\\\/uploads\\\/2023\\\/02\\\/Sargantana-transparente-e1676147721574.png\",\"contentUrl\":\"https:\\\/\\\/sargantana.info\\\/web\\\/wp-content\\\/uploads\\\/2023\\\/02\\\/Sargantana-transparente-e1676147721574.png\",\"width\":365,\"height\":211,\"caption\":\"Sargantana\"},\"image\":{\"@id\":\"https:\\\/\\\/sargantana.info\\\/web\\\/#\\\/schema\\\/logo\\\/image\\\/\"},\"sameAs\":[\"https:\\\/\\\/www.facebook.com\\\/Sargantana.info\",\"https:\\\/\\\/x.com\\\/Sargantana_\",\"https:\\\/\\\/www.instagram.com\\\/sargantana_canfranc\\\/\"]}]}<\/script>\n<!-- \/ Yoast SEO plugin. -->","yoast_head_json":{"title":"Visitas Guiadas al Hospital de Santa Cristina de Somport - Sargantana","description":"Explora el hist\u00f3rico Hospital de Santa Cristina de Somport: visitas guiadas educativas en el coraz\u00f3n del Pirineo Aragon\u00e9s.","robots":{"index":"index","follow":"follow","max-snippet":"max-snippet:-1","max-image-preview":"max-image-preview:large","max-video-preview":"max-video-preview:-1"},"canonical":"https:\/\/sargantana.info\/web\/visitas-guiadas-al-hospital-de-santa-cristina-de-somport\/","og_locale":"es_ES","og_type":"article","og_title":"Visitas Guiadas al Hospital de Santa Cristina de Somport - Sargantana","og_description":"Explora el hist\u00f3rico Hospital de Santa Cristina de Somport: visitas guiadas educativas en el coraz\u00f3n del Pirineo Aragon\u00e9s.","og_url":"https:\/\/sargantana.info\/web\/visitas-guiadas-al-hospital-de-santa-cristina-de-somport\/","og_site_name":"Sargantana","article_publisher":"https:\/\/www.facebook.com\/Sargantana.info","article_modified_time":"2025-05-13T09:10:10+00:00","og_image":[{"width":724,"height":1024,"url":"https:\/\/sargantana.info\/web\/wp-content\/uploads\/2025\/05\/Santa-Cristina_verano-2025-724x1024.png","type":"image\/png"}],"twitter_card":"summary_large_image","twitter_site":"@Sargantana_","twitter_misc":{"Tiempo de lectura":"2 minutos"},"schema":{"@context":"https:\/\/schema.org","@graph":[{"@type":"WebPage","@id":"https:\/\/sargantana.info\/web\/visitas-guiadas-al-hospital-de-santa-cristina-de-somport\/","url":"https:\/\/sargantana.info\/web\/visitas-guiadas-al-hospital-de-santa-cristina-de-somport\/","name":"Visitas Guiadas al Hospital de Santa Cristina de Somport - Sargantana","isPartOf":{"@id":"https:\/\/sargantana.info\/web\/#website"},"primaryImageOfPage":{"@id":"https:\/\/sargantana.info\/web\/visitas-guiadas-al-hospital-de-santa-cristina-de-somport\/#primaryimage"},"image":{"@id":"https:\/\/sargantana.info\/web\/visitas-guiadas-al-hospital-de-santa-cristina-de-somport\/#primaryimage"},"thumbnailUrl":"https:\/\/sargantana.info\/web\/wp-content\/uploads\/2025\/05\/Santa-Cristina_verano-2025-724x1024.png","datePublished":"2024-08-13T08:32:58+00:00","dateModified":"2025-05-13T09:10:10+00:00","description":"Explora el hist\u00f3rico Hospital de Santa Cristina de Somport: visitas guiadas educativas en el coraz\u00f3n del Pirineo Aragon\u00e9s.","breadcrumb":{"@id":"https:\/\/sargantana.info\/web\/visitas-guiadas-al-hospital-de-santa-cristina-de-somport\/#breadcrumb"},"inLanguage":"es","potentialAction":[{"@type":"ReadAction","target":["https:\/\/sargantana.info\/web\/visitas-guiadas-al-hospital-de-santa-cristina-de-somport\/"]}]},{"@type":"ImageObject","inLanguage":"es","@id":"https:\/\/sargantana.info\/web\/visitas-guiadas-al-hospital-de-santa-cristina-de-somport\/#primaryimage","url":"https:\/\/sargantana.info\/web\/wp-content\/uploads\/2025\/05\/Santa-Cristina_verano-2025.png","contentUrl":"https:\/\/sargantana.info\/web\/wp-content\/uploads\/2025\/05\/Santa-Cristina_verano-2025.png","width":1414,"height":2000},{"@type":"BreadcrumbList","@id":"https:\/\/sargantana.info\/web\/visitas-guiadas-al-hospital-de-santa-cristina-de-somport\/#breadcrumb","itemListElement":[{"@type":"ListItem","position":1,"name":"Portada","item":"https:\/\/sargantana.info\/web\/"},{"@type":"ListItem","position":2,"name":"Visitas Guiadas al Hospital de Santa Cristina de Somport"}]},{"@type":"WebSite","@id":"https:\/\/sargantana.info\/web\/#website","url":"https:\/\/sargantana.info\/web\/","name":"Sargantana","description":"Educaci\u00f3n ambiental y tiempo libre en el Pirineo Aragon\u00e9s","publisher":{"@id":"https:\/\/sargantana.info\/web\/#organization"},"potentialAction":[{"@type":"SearchAction","target":{"@type":"EntryPoint","urlTemplate":"https:\/\/sargantana.info\/web\/?s={search_term_string}"},"query-input":{"@type":"PropertyValueSpecification","valueRequired":true,"valueName":"search_term_string"}}],"inLanguage":"es"},{"@type":"Organization","@id":"https:\/\/sargantana.info\/web\/#organization","name":"Sargantana","url":"https:\/\/sargantana.info\/web\/","logo":{"@type":"ImageObject","inLanguage":"es","@id":"https:\/\/sargantana.info\/web\/#\/schema\/logo\/image\/","url":"https:\/\/sargantana.info\/web\/wp-content\/uploads\/2023\/02\/Sargantana-transparente-e1676147721574.png","contentUrl":"https:\/\/sargantana.info\/web\/wp-content\/uploads\/2023\/02\/Sargantana-transparente-e1676147721574.png","width":365,"height":211,"caption":"Sargantana"},"image":{"@id":"https:\/\/sargantana.info\/web\/#\/schema\/logo\/image\/"},"sameAs":["https:\/\/www.facebook.com\/Sargantana.info","https:\/\/x.com\/Sargantana_","https:\/\/www.instagram.com\/sargantana_canfranc\/"]}]}},"_links":{"self":[{"href":"https:\/\/sargantana.info\/web\/wp-json\/wp\/v2\/pages\/76873","targetHints":{"allow":["GET"]}}],"collection":[{"href":"https:\/\/sargantana.info\/web\/wp-json\/wp\/v2\/pages"}],"about":[{"href":"https:\/\/sargantana.info\/web\/wp-json\/wp\/v2\/types\/page"}],"author":[{"embeddable":true,"href":"https:\/\/sargantana.info\/web\/wp-json\/wp\/v2\/users\/36"}],"replies":[{"embeddable":true,"href":"https:\/\/sargantana.info\/web\/wp-json\/wp\/v2\/comments?post=76873"}],"version-history":[{"count":11,"href":"https:\/\/sargantana.info\/web\/wp-json\/wp\/v2\/pages\/76873\/revisions"}],"predecessor-version":[{"id":78699,"href":"https:\/\/sargantana.info\/web\/wp-json\/wp\/v2\/pages\/76873\/revisions\/78699"}],"wp:attachment":[{"href":"https:\/\/sargantana.info\/web\/wp-json\/wp\/v2\/media?parent=76873"}],"curies":[{"name":"wp","href":"https:\/\/api.w.org\/{rel}","templated":true}]}}