{"id":78651,"date":"2025-06-26T18:44:45","date_gmt":"2025-06-26T16:44:45","guid":{"rendered":"https:\/\/sargantana.info\/web\/?page_id=78651"},"modified":"2025-07-18T12:33:56","modified_gmt":"2025-07-18T10:33:56","slug":"el-ferrocarril-de-los-pirineos","status":"publish","type":"page","link":"https:\/\/sargantana.info\/web\/el-ferrocarril-de-los-pirineos\/","title":{"rendered":"CANFRANC, EL FERROCARRIL DE LOS PIRINEOS"},"content":{"rendered":"\t\t<div data-elementor-type=\"wp-page\" data-elementor-id=\"78651\" class=\"elementor elementor-78651\" data-elementor-post-type=\"page\">\n\t\t\t\t<div class=\"elementor-element elementor-element-fa84cda e-flex e-con-boxed e-con e-parent\" data-id=\"fa84cda\" data-element_type=\"container\" data-e-type=\"container\">\n\t\t\t\t\t<div class=\"e-con-inner\">\n\t\t\t\t<div class=\"elementor-element elementor-element-9599ea8 elementor-widget elementor-widget-image\" data-id=\"9599ea8\" data-element_type=\"widget\" data-e-type=\"widget\" data-widget_type=\"image.default\">\n\t\t\t\t<div class=\"elementor-widget-container\">\n\t\t\t\t\t\t\t\t\t\t\t\t\t\t\t\t<a href=\"https:\/\/sargantana.info\/tienda\/libro\/\">\n\t\t\t\t\t\t\t<img fetchpriority=\"high\" decoding=\"async\" width=\"800\" height=\"445\" src=\"https:\/\/sargantana.info\/web\/wp-content\/uploads\/2025\/06\/Portada_libro-1024x570.jpeg\" class=\"attachment-large size-large wp-image-78769\" alt=\"\" srcset=\"https:\/\/sargantana.info\/web\/wp-content\/uploads\/2025\/06\/Portada_libro-1024x570.jpeg 1024w, https:\/\/sargantana.info\/web\/wp-content\/uploads\/2025\/06\/Portada_libro-300x167.jpeg 300w, https:\/\/sargantana.info\/web\/wp-content\/uploads\/2025\/06\/Portada_libro-768x427.jpeg 768w, https:\/\/sargantana.info\/web\/wp-content\/uploads\/2025\/06\/Portada_libro-1536x854.jpeg 1536w, https:\/\/sargantana.info\/web\/wp-content\/uploads\/2025\/06\/Portada_libro.jpeg 1600w\" sizes=\"(max-width: 800px) 100vw, 800px\" \/>\t\t\t\t\t\t\t\t<\/a>\n\t\t\t\t\t\t\t\t\t\t\t\t\t\t\t<\/div>\n\t\t\t\t<\/div>\n\t\t\t\t\t<\/div>\n\t\t\t\t<\/div>\n\t\t<div class=\"elementor-element elementor-element-7598555 e-flex e-con-boxed e-con e-parent\" data-id=\"7598555\" data-element_type=\"container\" data-e-type=\"container\">\n\t\t\t\t\t<div class=\"e-con-inner\">\n\t\t\t\t<div class=\"elementor-element elementor-element-15fc69f elementor-widget elementor-widget-text-editor\" data-id=\"15fc69f\" data-element_type=\"widget\" data-e-type=\"widget\" data-widget_type=\"text-editor.default\">\n\t\t\t\t<div class=\"elementor-widget-container\">\n\t\t\t\t\t\t\t\t\t<p>El 19 de julio se presenta en el Vest\u00edbulo de la Estaci\u00f3n de Canfranc el libro <strong>\u201cCanfranc, el Ferrocarril de Los Pirineos\u201d.<\/strong><\/p><p>Aportamos una perspectiva global de su historia, desde el manifiesto de \u201cLos aragoneses a la Naci\u00f3n espa\u00f1ola\u201d de 1853 hasta el momento actual en el que la reapertura de la Estaci\u00f3n Internacional como hotel de lujo ha permitido recuperar la esperanza por su futuro. Es una cr\u00f3nica que aborda de forma did\u00e1ctica todos los \u00e1mbitos a los que pertenece el proyecto con innumerables fotograf\u00edas y una especial mirada costumbrista de la Vida en Los Ara\u00f1ones.<\/p>\t\t\t\t\t\t\t\t<\/div>\n\t\t\t\t<\/div>\n\t\t\t\t\t<\/div>\n\t\t\t\t<\/div>\n\t\t<div class=\"elementor-element elementor-element-7dee802 e-flex e-con-boxed e-con e-parent\" data-id=\"7dee802\" data-element_type=\"container\" data-e-type=\"container\">\n\t\t\t\t\t<div class=\"e-con-inner\">\n\t\t\t\t<div class=\"elementor-element elementor-element-1bb5759 elementor-align-center elementor-widget elementor-widget-button\" data-id=\"1bb5759\" data-element_type=\"widget\" data-e-type=\"widget\" data-widget_type=\"button.default\">\n\t\t\t\t<div class=\"elementor-widget-container\">\n\t\t\t\t\t\t\t\t\t<div class=\"elementor-button-wrapper\">\n\t\t\t\t\t<a class=\"elementor-button elementor-button-link elementor-size-sm\" href=\"https:\/\/sargantana.info\/tienda\/libro\/\">\n\t\t\t\t\t\t<span class=\"elementor-button-content-wrapper\">\n\t\t\t\t\t\t<span class=\"elementor-button-icon\">\n\t\t\t\t<svg aria-hidden=\"true\" class=\"e-font-icon-svg e-fas-book-open\" viewBox=\"0 0 576 512\" xmlns=\"http:\/\/www.w3.org\/2000\/svg\"><path d=\"M542.22 32.05c-54.8 3.11-163.72 14.43-230.96 55.59-4.64 2.84-7.27 7.89-7.27 13.17v363.87c0 11.55 12.63 18.85 23.28 13.49 69.18-34.82 169.23-44.32 218.7-46.92 16.89-.89 30.02-14.43 30.02-30.66V62.75c.01-17.71-15.35-31.74-33.77-30.7zM264.73 87.64C197.5 46.48 88.58 35.17 33.78 32.05 15.36 31.01 0 45.04 0 62.75V400.6c0 16.24 13.13 29.78 30.02 30.66 49.49 2.6 149.59 12.11 218.77 46.95 10.62 5.35 23.21-1.94 23.21-13.46V100.63c0-5.29-2.62-10.14-7.27-12.99z\"><\/path><\/svg>\t\t\t<\/span>\n\t\t\t\t\t\t\t\t\t<span class=\"elementor-button-text\">COMPRA AQU\u00cd<\/span>\n\t\t\t\t\t<\/span>\n\t\t\t\t\t<\/a>\n\t\t\t\t<\/div>\n\t\t\t\t\t\t\t\t<\/div>\n\t\t\t\t<\/div>\n\t\t\t\t\t<\/div>\n\t\t\t\t<\/div>\n\t\t\t\t<\/div>\n\t\t","protected":false},"excerpt":{"rendered":"<p>El 19 de julio se presenta en el Vest\u00edbulo de la Estaci\u00f3n de Canfranc el libro \u201cCanfranc, el Ferrocarril de Los Pirineos\u201d. Aportamos una perspectiva global de su historia, desde el manifiesto de \u201cLos aragoneses a la Naci\u00f3n espa\u00f1ola\u201d de 1853 hasta el momento actual en el que la reapertura de la Estaci\u00f3n Internacional como [&hellip;]<\/p>\n","protected":false},"author":1,"featured_media":0,"parent":0,"menu_order":0,"comment_status":"closed","ping_status":"closed","template":"","meta":{"inline_featured_image":false,"_joinchat":[],"footnotes":""},"class_list":["post-78651","page","type-page","status-publish","hentry"],"yoast_head":"<!-- This site is optimized with the Yoast SEO plugin v27.4 - https:\/\/yoast.com\/product\/yoast-seo-wordpress\/ -->\n<title>CANFRANC, EL FERROCARRIL DE LOS PIRINEOS - Sargantana<\/title>\n<meta name=\"robots\" content=\"index, follow, max-snippet:-1, max-image-preview:large, max-video-preview:-1\" \/>\n<link rel=\"canonical\" href=\"https:\/\/sargantana.info\/web\/el-ferrocarril-de-los-pirineos\/\" \/>\n<meta property=\"og:locale\" content=\"es_ES\" \/>\n<meta property=\"og:type\" content=\"article\" \/>\n<meta property=\"og:title\" content=\"CANFRANC, EL FERROCARRIL DE LOS PIRINEOS - Sargantana\" \/>\n<meta property=\"og:description\" content=\"El 19 de julio se presenta en el Vest\u00edbulo de la Estaci\u00f3n de Canfranc el libro \u201cCanfranc, el Ferrocarril de Los Pirineos\u201d. Aportamos una perspectiva global de su historia, desde el manifiesto de \u201cLos aragoneses a la Naci\u00f3n espa\u00f1ola\u201d de 1853 hasta el momento actual en el que la reapertura de la Estaci\u00f3n Internacional como [&hellip;]\" \/>\n<meta property=\"og:url\" content=\"https:\/\/sargantana.info\/web\/el-ferrocarril-de-los-pirineos\/\" \/>\n<meta property=\"og:site_name\" content=\"Sargantana\" \/>\n<meta property=\"article:publisher\" content=\"https:\/\/www.facebook.com\/Sargantana.info\" \/>\n<meta property=\"article:modified_time\" content=\"2025-07-18T10:33:56+00:00\" \/>\n<meta property=\"og:image\" content=\"https:\/\/sargantana.info\/web\/wp-content\/uploads\/2025\/06\/Portada_libro.jpeg\" \/>\n\t<meta property=\"og:image:width\" content=\"1600\" \/>\n\t<meta property=\"og:image:height\" content=\"890\" \/>\n\t<meta property=\"og:image:type\" content=\"image\/jpeg\" \/>\n<meta name=\"twitter:card\" content=\"summary_large_image\" \/>\n<meta name=\"twitter:site\" content=\"@Sargantana_\" \/>\n<meta name=\"twitter:label1\" content=\"Tiempo de lectura\" \/>\n\t<meta name=\"twitter:data1\" content=\"1 minuto\" \/>\n<script type=\"application\/ld+json\" class=\"yoast-schema-graph\">{\"@context\":\"https:\\\/\\\/schema.org\",\"@graph\":[{\"@type\":\"WebPage\",\"@id\":\"https:\\\/\\\/sargantana.info\\\/web\\\/el-ferrocarril-de-los-pirineos\\\/\",\"url\":\"https:\\\/\\\/sargantana.info\\\/web\\\/el-ferrocarril-de-los-pirineos\\\/\",\"name\":\"CANFRANC, EL FERROCARRIL DE LOS PIRINEOS - Sargantana\",\"isPartOf\":{\"@id\":\"https:\\\/\\\/sargantana.info\\\/web\\\/#website\"},\"primaryImageOfPage\":{\"@id\":\"https:\\\/\\\/sargantana.info\\\/web\\\/el-ferrocarril-de-los-pirineos\\\/#primaryimage\"},\"image\":{\"@id\":\"https:\\\/\\\/sargantana.info\\\/web\\\/el-ferrocarril-de-los-pirineos\\\/#primaryimage\"},\"thumbnailUrl\":\"https:\\\/\\\/sargantana.info\\\/web\\\/wp-content\\\/uploads\\\/2025\\\/06\\\/Portada_libro-1024x570.jpeg\",\"datePublished\":\"2025-06-26T16:44:45+00:00\",\"dateModified\":\"2025-07-18T10:33:56+00:00\",\"breadcrumb\":{\"@id\":\"https:\\\/\\\/sargantana.info\\\/web\\\/el-ferrocarril-de-los-pirineos\\\/#breadcrumb\"},\"inLanguage\":\"es\",\"potentialAction\":[{\"@type\":\"ReadAction\",\"target\":[\"https:\\\/\\\/sargantana.info\\\/web\\\/el-ferrocarril-de-los-pirineos\\\/\"]}]},{\"@type\":\"ImageObject\",\"inLanguage\":\"es\",\"@id\":\"https:\\\/\\\/sargantana.info\\\/web\\\/el-ferrocarril-de-los-pirineos\\\/#primaryimage\",\"url\":\"https:\\\/\\\/sargantana.info\\\/web\\\/wp-content\\\/uploads\\\/2025\\\/06\\\/Portada_libro.jpeg\",\"contentUrl\":\"https:\\\/\\\/sargantana.info\\\/web\\\/wp-content\\\/uploads\\\/2025\\\/06\\\/Portada_libro.jpeg\",\"width\":1600,\"height\":890},{\"@type\":\"BreadcrumbList\",\"@id\":\"https:\\\/\\\/sargantana.info\\\/web\\\/el-ferrocarril-de-los-pirineos\\\/#breadcrumb\",\"itemListElement\":[{\"@type\":\"ListItem\",\"position\":1,\"name\":\"Portada\",\"item\":\"https:\\\/\\\/sargantana.info\\\/web\\\/\"},{\"@type\":\"ListItem\",\"position\":2,\"name\":\"CANFRANC, EL FERROCARRIL DE LOS PIRINEOS\"}]},{\"@type\":\"WebSite\",\"@id\":\"https:\\\/\\\/sargantana.info\\\/web\\\/#website\",\"url\":\"https:\\\/\\\/sargantana.info\\\/web\\\/\",\"name\":\"Sargantana\",\"description\":\"Educaci\u00f3n ambiental y tiempo libre en el Pirineo Aragon\u00e9s\",\"publisher\":{\"@id\":\"https:\\\/\\\/sargantana.info\\\/web\\\/#organization\"},\"potentialAction\":[{\"@type\":\"SearchAction\",\"target\":{\"@type\":\"EntryPoint\",\"urlTemplate\":\"https:\\\/\\\/sargantana.info\\\/web\\\/?s={search_term_string}\"},\"query-input\":{\"@type\":\"PropertyValueSpecification\",\"valueRequired\":true,\"valueName\":\"search_term_string\"}}],\"inLanguage\":\"es\"},{\"@type\":\"Organization\",\"@id\":\"https:\\\/\\\/sargantana.info\\\/web\\\/#organization\",\"name\":\"Sargantana\",\"url\":\"https:\\\/\\\/sargantana.info\\\/web\\\/\",\"logo\":{\"@type\":\"ImageObject\",\"inLanguage\":\"es\",\"@id\":\"https:\\\/\\\/sargantana.info\\\/web\\\/#\\\/schema\\\/logo\\\/image\\\/\",\"url\":\"https:\\\/\\\/sargantana.info\\\/web\\\/wp-content\\\/uploads\\\/2023\\\/02\\\/Sargantana-transparente-e1676147721574.png\",\"contentUrl\":\"https:\\\/\\\/sargantana.info\\\/web\\\/wp-content\\\/uploads\\\/2023\\\/02\\\/Sargantana-transparente-e1676147721574.png\",\"width\":365,\"height\":211,\"caption\":\"Sargantana\"},\"image\":{\"@id\":\"https:\\\/\\\/sargantana.info\\\/web\\\/#\\\/schema\\\/logo\\\/image\\\/\"},\"sameAs\":[\"https:\\\/\\\/www.facebook.com\\\/Sargantana.info\",\"https:\\\/\\\/x.com\\\/Sargantana_\",\"https:\\\/\\\/www.instagram.com\\\/sargantana_canfranc\\\/\"]}]}<\/script>\n<!-- \/ Yoast SEO plugin. -->","yoast_head_json":{"title":"CANFRANC, EL FERROCARRIL DE LOS PIRINEOS - Sargantana","robots":{"index":"index","follow":"follow","max-snippet":"max-snippet:-1","max-image-preview":"max-image-preview:large","max-video-preview":"max-video-preview:-1"},"canonical":"https:\/\/sargantana.info\/web\/el-ferrocarril-de-los-pirineos\/","og_locale":"es_ES","og_type":"article","og_title":"CANFRANC, EL FERROCARRIL DE LOS PIRINEOS - Sargantana","og_description":"El 19 de julio se presenta en el Vest\u00edbulo de la Estaci\u00f3n de Canfranc el libro \u201cCanfranc, el Ferrocarril de Los Pirineos\u201d. Aportamos una perspectiva global de su historia, desde el manifiesto de \u201cLos aragoneses a la Naci\u00f3n espa\u00f1ola\u201d de 1853 hasta el momento actual en el que la reapertura de la Estaci\u00f3n Internacional como [&hellip;]","og_url":"https:\/\/sargantana.info\/web\/el-ferrocarril-de-los-pirineos\/","og_site_name":"Sargantana","article_publisher":"https:\/\/www.facebook.com\/Sargantana.info","article_modified_time":"2025-07-18T10:33:56+00:00","og_image":[{"width":1600,"height":890,"url":"https:\/\/sargantana.info\/web\/wp-content\/uploads\/2025\/06\/Portada_libro.jpeg","type":"image\/jpeg"}],"twitter_card":"summary_large_image","twitter_site":"@Sargantana_","twitter_misc":{"Tiempo de lectura":"1 minuto"},"schema":{"@context":"https:\/\/schema.org","@graph":[{"@type":"WebPage","@id":"https:\/\/sargantana.info\/web\/el-ferrocarril-de-los-pirineos\/","url":"https:\/\/sargantana.info\/web\/el-ferrocarril-de-los-pirineos\/","name":"CANFRANC, EL FERROCARRIL DE LOS PIRINEOS - Sargantana","isPartOf":{"@id":"https:\/\/sargantana.info\/web\/#website"},"primaryImageOfPage":{"@id":"https:\/\/sargantana.info\/web\/el-ferrocarril-de-los-pirineos\/#primaryimage"},"image":{"@id":"https:\/\/sargantana.info\/web\/el-ferrocarril-de-los-pirineos\/#primaryimage"},"thumbnailUrl":"https:\/\/sargantana.info\/web\/wp-content\/uploads\/2025\/06\/Portada_libro-1024x570.jpeg","datePublished":"2025-06-26T16:44:45+00:00","dateModified":"2025-07-18T10:33:56+00:00","breadcrumb":{"@id":"https:\/\/sargantana.info\/web\/el-ferrocarril-de-los-pirineos\/#breadcrumb"},"inLanguage":"es","potentialAction":[{"@type":"ReadAction","target":["https:\/\/sargantana.info\/web\/el-ferrocarril-de-los-pirineos\/"]}]},{"@type":"ImageObject","inLanguage":"es","@id":"https:\/\/sargantana.info\/web\/el-ferrocarril-de-los-pirineos\/#primaryimage","url":"https:\/\/sargantana.info\/web\/wp-content\/uploads\/2025\/06\/Portada_libro.jpeg","contentUrl":"https:\/\/sargantana.info\/web\/wp-content\/uploads\/2025\/06\/Portada_libro.jpeg","width":1600,"height":890},{"@type":"BreadcrumbList","@id":"https:\/\/sargantana.info\/web\/el-ferrocarril-de-los-pirineos\/#breadcrumb","itemListElement":[{"@type":"ListItem","position":1,"name":"Portada","item":"https:\/\/sargantana.info\/web\/"},{"@type":"ListItem","position":2,"name":"CANFRANC, EL FERROCARRIL DE LOS PIRINEOS"}]},{"@type":"WebSite","@id":"https:\/\/sargantana.info\/web\/#website","url":"https:\/\/sargantana.info\/web\/","name":"Sargantana","description":"Educaci\u00f3n ambiental y tiempo libre en el Pirineo Aragon\u00e9s","publisher":{"@id":"https:\/\/sargantana.info\/web\/#organization"},"potentialAction":[{"@type":"SearchAction","target":{"@type":"EntryPoint","urlTemplate":"https:\/\/sargantana.info\/web\/?s={search_term_string}"},"query-input":{"@type":"PropertyValueSpecification","valueRequired":true,"valueName":"search_term_string"}}],"inLanguage":"es"},{"@type":"Organization","@id":"https:\/\/sargantana.info\/web\/#organization","name":"Sargantana","url":"https:\/\/sargantana.info\/web\/","logo":{"@type":"ImageObject","inLanguage":"es","@id":"https:\/\/sargantana.info\/web\/#\/schema\/logo\/image\/","url":"https:\/\/sargantana.info\/web\/wp-content\/uploads\/2023\/02\/Sargantana-transparente-e1676147721574.png","contentUrl":"https:\/\/sargantana.info\/web\/wp-content\/uploads\/2023\/02\/Sargantana-transparente-e1676147721574.png","width":365,"height":211,"caption":"Sargantana"},"image":{"@id":"https:\/\/sargantana.info\/web\/#\/schema\/logo\/image\/"},"sameAs":["https:\/\/www.facebook.com\/Sargantana.info","https:\/\/x.com\/Sargantana_","https:\/\/www.instagram.com\/sargantana_canfranc\/"]}]}},"_links":{"self":[{"href":"https:\/\/sargantana.info\/web\/wp-json\/wp\/v2\/pages\/78651","targetHints":{"allow":["GET"]}}],"collection":[{"href":"https:\/\/sargantana.info\/web\/wp-json\/wp\/v2\/pages"}],"about":[{"href":"https:\/\/sargantana.info\/web\/wp-json\/wp\/v2\/types\/page"}],"author":[{"embeddable":true,"href":"https:\/\/sargantana.info\/web\/wp-json\/wp\/v2\/users\/1"}],"replies":[{"embeddable":true,"href":"https:\/\/sargantana.info\/web\/wp-json\/wp\/v2\/comments?post=78651"}],"version-history":[{"count":27,"href":"https:\/\/sargantana.info\/web\/wp-json\/wp\/v2\/pages\/78651\/revisions"}],"predecessor-version":[{"id":78873,"href":"https:\/\/sargantana.info\/web\/wp-json\/wp\/v2\/pages\/78651\/revisions\/78873"}],"wp:attachment":[{"href":"https:\/\/sargantana.info\/web\/wp-json\/wp\/v2\/media?parent=78651"}],"curies":[{"name":"wp","href":"https:\/\/api.w.org\/{rel}","templated":true}]}}