{"id":79301,"date":"2026-03-07T00:33:26","date_gmt":"2026-03-06T22:33:26","guid":{"rendered":"https:\/\/sargantana.info\/web\/?page_id=79301"},"modified":"2026-03-07T00:42:57","modified_gmt":"2026-03-06T22:42:57","slug":"los-arboles-de-canfranc","status":"publish","type":"page","link":"https:\/\/sargantana.info\/web\/visitas-guiadas\/los-arboles-de-canfranc\/","title":{"rendered":"Los \u00c1rboles de Canfranc"},"content":{"rendered":"\t\t<div data-elementor-type=\"wp-page\" data-elementor-id=\"79301\" class=\"elementor elementor-79301\" data-elementor-post-type=\"page\">\n\t\t\t\t<div class=\"elementor-element elementor-element-9ce6c01 e-flex e-con-boxed e-con e-parent\" data-id=\"9ce6c01\" data-element_type=\"container\" data-e-type=\"container\">\n\t\t\t\t\t<div class=\"e-con-inner\">\n\t\t\t\t<div class=\"elementor-element elementor-element-ef69d48 elementor-widget elementor-widget-heading\" data-id=\"ef69d48\" data-element_type=\"widget\" data-e-type=\"widget\" data-widget_type=\"heading.default\">\n\t\t\t\t<div class=\"elementor-widget-container\">\n\t\t\t\t\t<h1 class=\"elementor-heading-title elementor-size-default\">Los \u00c1rboles de Canfranc<\/h1>\t\t\t\t<\/div>\n\t\t\t\t<\/div>\n\t\t\t\t<div class=\"elementor-element elementor-element-2b60eab elementor-widget-divider--view-line elementor-widget elementor-widget-divider\" data-id=\"2b60eab\" data-element_type=\"widget\" data-e-type=\"widget\" data-widget_type=\"divider.default\">\n\t\t\t\t<div class=\"elementor-widget-container\">\n\t\t\t\t\t\t\t<div class=\"elementor-divider\">\n\t\t\t<span class=\"elementor-divider-separator\">\n\t\t\t\t\t\t<\/span>\n\t\t<\/div>\n\t\t\t\t\t\t<\/div>\n\t\t\t\t<\/div>\n\t\t\t\t<div class=\"elementor-element elementor-element-9b43f6c elementor-widget elementor-widget-heading\" data-id=\"9b43f6c\" data-element_type=\"widget\" data-e-type=\"widget\" data-widget_type=\"heading.default\">\n\t\t\t\t<div class=\"elementor-widget-container\">\n\t\t\t\t\t<p class=\"elementor-heading-title elementor-size-default\">Venta Online de entradas a visitas guiadas por el bosque cercano de Canfranc\n<\/p>\t\t\t\t<\/div>\n\t\t\t\t<\/div>\n\t\t\t\t<div class=\"elementor-element elementor-element-ec55038 elementor-widget elementor-widget-heading\" data-id=\"ec55038\" data-element_type=\"widget\" data-e-type=\"widget\" data-widget_type=\"heading.default\">\n\t\t\t\t<div class=\"elementor-widget-container\">\n\t\t\t\t\t<p class=\"elementor-heading-title elementor-size-default\"><i>Tel\u00e9fono directo de consultas sobre Visitas Guiadas a la Estaci\u00f3n Internacional de Canfranc<br>\n<b><a href=\"tel:+34661379732\" style=\"color:black\">661 379 732<\/a><\/b><\/i><\/p>\t\t\t\t<\/div>\n\t\t\t\t<\/div>\n\t\t\t\t<div class=\"elementor-element elementor-element-108a29a elementor-widget elementor-widget-html\" data-id=\"108a29a\" data-element_type=\"widget\" data-e-type=\"widget\" data-widget_type=\"html.default\">\n\t\t\t\t<div class=\"elementor-widget-container\">\n\t\t\t\t\t<div class=\"iframe-container\"><iframe sandbox=\"allow-top-navigation allow-forms allow-modals allow-scripts allow-same-origin allow-popups\" src=https:\/\/app.turitop.com\/booking\/box\/S1374\/P10\/step1\/es\/0\/aHR0cHM6Ly9hcHAudHVyaXRvcC5jb20vYWRtaW4vY29tcGFueS9TMTM3NC9zZXJ2aWNlL1AxMC9lZGl0\/0\/1772834206?loading=1\" name=\"turitop-iframe-0\" height=\"600\" class=\"iframe-resizable-turitop\" id=\"iFrameResizer0\" scrolling=\"no\"><\/iframe><\/div>\t\t\t\t<\/div>\n\t\t\t\t<\/div>\n\t\t\t\t<div class=\"elementor-element elementor-element-726ec12 elementor-widget__width-initial e-transform elementor-widget elementor-widget-html\" data-id=\"726ec12\" data-element_type=\"widget\" data-e-type=\"widget\" data-settings=\"{&quot;_animation&quot;:&quot;none&quot;,&quot;_transform_scale_effect_hover&quot;:{&quot;unit&quot;:&quot;px&quot;,&quot;size&quot;:1.5,&quot;sizes&quot;:[]},&quot;_transform_scale_effect_hover_tablet&quot;:{&quot;unit&quot;:&quot;px&quot;,&quot;size&quot;:&quot;&quot;,&quot;sizes&quot;:[]},&quot;_transform_scale_effect_hover_mobile&quot;:{&quot;unit&quot;:&quot;px&quot;,&quot;size&quot;:&quot;&quot;,&quot;sizes&quot;:[]}}\" data-widget_type=\"html.default\">\n\t\t\t\t<div class=\"elementor-widget-container\">\n\t\t\t\t\t<CENTER><FONT COLOR=\"FFFFFF\"><B><div id=\"redeemgv\" class=\"load-turitop\" data-lang=\"es\" data-embed=\"redeemgv\">CANJEA AQUI TU BONO REGALO<\/div><\/B><\/FONT><\/CENTER>\t\t\t\t<\/div>\n\t\t\t\t<\/div>\n\t\t\t\t\t<\/div>\n\t\t\t\t<\/div>\n\t\t<div class=\"elementor-element elementor-element-00dc3dd e-flex e-con-boxed e-con e-parent\" data-id=\"00dc3dd\" data-element_type=\"container\" data-e-type=\"container\">\n\t\t\t\t\t<div class=\"e-con-inner\">\n\t\t\t\t<div class=\"elementor-element elementor-element-dc5e7f1 elementor-widget elementor-widget-heading\" data-id=\"dc5e7f1\" data-element_type=\"widget\" data-e-type=\"widget\" data-widget_type=\"heading.default\">\n\t\t\t\t<div class=\"elementor-widget-container\">\n\t\t\t\t\t<h2 class=\"elementor-heading-title elementor-size-default\">Visita guiada por el bosque cercano de Canfranc<\/h2>\t\t\t\t<\/div>\n\t\t\t\t<\/div>\n\t\t\t\t<div class=\"elementor-element elementor-element-4fc3092 elementor-widget elementor-widget-text-editor\" data-id=\"4fc3092\" data-element_type=\"widget\" data-e-type=\"widget\" data-widget_type=\"text-editor.default\">\n\t\t\t\t<div class=\"elementor-widget-container\">\n\t\t\t\t\t\t\t\t\t<p>De la mano de <strong>V\u00edctor Ezquerra<\/strong> vamos a conocer los diferentes \u00e1rboles de las laderas este y oeste de Canfranc Estaci\u00f3n en un recorrido corto por las cercan\u00edas del bosque, viendo la vida vegetal y animal de los distintos \u00e1rboles que protegen a Canfranc, conociendo muchas especies y formas de adaptaci\u00f3n y vida en el medio para cumplir su labor protectora.<\/p>\t\t\t\t\t\t\t\t<\/div>\n\t\t\t\t<\/div>\n\t\t\t\t<div class=\"elementor-element elementor-element-7378dfb elementor-widget elementor-widget-heading\" data-id=\"7378dfb\" data-element_type=\"widget\" data-e-type=\"widget\" data-widget_type=\"heading.default\">\n\t\t\t\t<div class=\"elementor-widget-container\">\n\t\t\t\t\t<h2 class=\"elementor-heading-title elementor-size-default\">Informaci\u00f3n Pr\u00e1ctica<\/h2>\t\t\t\t<\/div>\n\t\t\t\t<\/div>\n\t\t\t\t<div class=\"elementor-element elementor-element-99d42ce elementor-widget elementor-widget-text-editor\" data-id=\"99d42ce\" data-element_type=\"widget\" data-e-type=\"widget\" data-widget_type=\"text-editor.default\">\n\t\t\t\t<div class=\"elementor-widget-container\">\n\t\t\t\t\t\t\t\t\t<ul><li><strong>Duraci\u00f3n<\/strong>: 1.30h<\/li><li><strong>Punto de Encuentro<\/strong>: Puente de la Estaci\u00f3n de Canfranc<\/li><li><strong>Tarifa<\/strong>: 10\u20ac<\/li><li><strong>M\u00ednimo<\/strong>: 10 personas<\/li><\/ul>\t\t\t\t\t\t\t\t<\/div>\n\t\t\t\t<\/div>\n\t\t\t\t\t<\/div>\n\t\t\t\t<\/div>\n\t\t\t\t<\/div>\n\t\t","protected":false},"excerpt":{"rendered":"<p>Los \u00c1rboles de Canfranc Venta Online de entradas a visitas guiadas por el bosque cercano de Canfranc Tel\u00e9fono directo de consultas sobre Visitas Guiadas a la Estaci\u00f3n Internacional de Canfranc 661 379 732<\/p>\n","protected":false},"author":1,"featured_media":74076,"parent":79303,"menu_order":0,"comment_status":"closed","ping_status":"closed","template":"","meta":{"inline_featured_image":false,"_joinchat":[],"footnotes":""},"class_list":["post-79301","page","type-page","status-publish","has-post-thumbnail","hentry"],"yoast_head":"<!-- This site is optimized with the Yoast SEO plugin v27.4 - https:\/\/yoast.com\/product\/yoast-seo-wordpress\/ -->\n<title>Los \u00c1rboles de Canfranc - Sargantana<\/title>\n<meta name=\"description\" content=\"Descubre la historia de la Estaci\u00f3n de Canfranc: visitas guiadas que revelan su papel crucial durante la II Guerra Mundial.\" \/>\n<meta name=\"robots\" content=\"index, follow, max-snippet:-1, max-image-preview:large, max-video-preview:-1\" \/>\n<link rel=\"canonical\" href=\"https:\/\/sargantana.info\/web\/visitas-guiadas\/los-arboles-de-canfranc\/\" \/>\n<meta property=\"og:locale\" content=\"es_ES\" \/>\n<meta property=\"og:type\" content=\"article\" \/>\n<meta property=\"og:title\" content=\"Los \u00c1rboles de Canfranc - Sargantana\" \/>\n<meta property=\"og:description\" content=\"Descubre la historia de la Estaci\u00f3n de Canfranc: visitas guiadas que revelan su papel crucial durante la II Guerra Mundial.\" \/>\n<meta property=\"og:url\" content=\"https:\/\/sargantana.info\/web\/visitas-guiadas\/los-arboles-de-canfranc\/\" \/>\n<meta property=\"og:site_name\" content=\"Sargantana\" \/>\n<meta property=\"article:publisher\" content=\"https:\/\/www.facebook.com\/Sargantana.info\" \/>\n<meta property=\"article:modified_time\" content=\"2026-03-06T22:42:57+00:00\" \/>\n<meta property=\"og:image\" content=\"https:\/\/sargantana.info\/web\/wp-content\/uploads\/2023\/01\/DSC00136.jpg\" \/>\n\t<meta property=\"og:image:width\" content=\"2048\" \/>\n\t<meta property=\"og:image:height\" content=\"1536\" \/>\n\t<meta property=\"og:image:type\" content=\"image\/jpeg\" \/>\n<meta name=\"twitter:card\" content=\"summary_large_image\" \/>\n<meta name=\"twitter:site\" content=\"@Sargantana_\" \/>\n<meta name=\"twitter:label1\" content=\"Tiempo de lectura\" \/>\n\t<meta name=\"twitter:data1\" content=\"1 minuto\" \/>\n<script type=\"application\/ld+json\" class=\"yoast-schema-graph\">{\"@context\":\"https:\\\/\\\/schema.org\",\"@graph\":[{\"@type\":\"WebPage\",\"@id\":\"https:\\\/\\\/sargantana.info\\\/web\\\/visitas-guiadas\\\/los-arboles-de-canfranc\\\/\",\"url\":\"https:\\\/\\\/sargantana.info\\\/web\\\/visitas-guiadas\\\/los-arboles-de-canfranc\\\/\",\"name\":\"Los \u00c1rboles de Canfranc - Sargantana\",\"isPartOf\":{\"@id\":\"https:\\\/\\\/sargantana.info\\\/web\\\/#website\"},\"primaryImageOfPage\":{\"@id\":\"https:\\\/\\\/sargantana.info\\\/web\\\/visitas-guiadas\\\/los-arboles-de-canfranc\\\/#primaryimage\"},\"image\":{\"@id\":\"https:\\\/\\\/sargantana.info\\\/web\\\/visitas-guiadas\\\/los-arboles-de-canfranc\\\/#primaryimage\"},\"thumbnailUrl\":\"https:\\\/\\\/sargantana.info\\\/web\\\/wp-content\\\/uploads\\\/2023\\\/01\\\/DSC00136.jpg\",\"datePublished\":\"2026-03-06T22:33:26+00:00\",\"dateModified\":\"2026-03-06T22:42:57+00:00\",\"description\":\"Descubre la historia de la Estaci\u00f3n de Canfranc: visitas guiadas que revelan su papel crucial durante la II Guerra Mundial.\",\"breadcrumb\":{\"@id\":\"https:\\\/\\\/sargantana.info\\\/web\\\/visitas-guiadas\\\/los-arboles-de-canfranc\\\/#breadcrumb\"},\"inLanguage\":\"es\",\"potentialAction\":[{\"@type\":\"ReadAction\",\"target\":[\"https:\\\/\\\/sargantana.info\\\/web\\\/visitas-guiadas\\\/los-arboles-de-canfranc\\\/\"]}]},{\"@type\":\"ImageObject\",\"inLanguage\":\"es\",\"@id\":\"https:\\\/\\\/sargantana.info\\\/web\\\/visitas-guiadas\\\/los-arboles-de-canfranc\\\/#primaryimage\",\"url\":\"https:\\\/\\\/sargantana.info\\\/web\\\/wp-content\\\/uploads\\\/2023\\\/01\\\/DSC00136.jpg\",\"contentUrl\":\"https:\\\/\\\/sargantana.info\\\/web\\\/wp-content\\\/uploads\\\/2023\\\/01\\\/DSC00136.jpg\",\"width\":2048,\"height\":1536},{\"@type\":\"BreadcrumbList\",\"@id\":\"https:\\\/\\\/sargantana.info\\\/web\\\/visitas-guiadas\\\/los-arboles-de-canfranc\\\/#breadcrumb\",\"itemListElement\":[{\"@type\":\"ListItem\",\"position\":1,\"name\":\"Portada\",\"item\":\"https:\\\/\\\/sargantana.info\\\/web\\\/\"},{\"@type\":\"ListItem\",\"position\":2,\"name\":\"Visitas Guiadas en Canfranc, Candanch\u00fa y Jaca\",\"item\":\"https:\\\/\\\/sargantana.info\\\/web\\\/visitas-guiadas\\\/\"},{\"@type\":\"ListItem\",\"position\":3,\"name\":\"Los \u00c1rboles de Canfranc\"}]},{\"@type\":\"WebSite\",\"@id\":\"https:\\\/\\\/sargantana.info\\\/web\\\/#website\",\"url\":\"https:\\\/\\\/sargantana.info\\\/web\\\/\",\"name\":\"Sargantana\",\"description\":\"Educaci\u00f3n ambiental y tiempo libre en el Pirineo Aragon\u00e9s\",\"publisher\":{\"@id\":\"https:\\\/\\\/sargantana.info\\\/web\\\/#organization\"},\"potentialAction\":[{\"@type\":\"SearchAction\",\"target\":{\"@type\":\"EntryPoint\",\"urlTemplate\":\"https:\\\/\\\/sargantana.info\\\/web\\\/?s={search_term_string}\"},\"query-input\":{\"@type\":\"PropertyValueSpecification\",\"valueRequired\":true,\"valueName\":\"search_term_string\"}}],\"inLanguage\":\"es\"},{\"@type\":\"Organization\",\"@id\":\"https:\\\/\\\/sargantana.info\\\/web\\\/#organization\",\"name\":\"Sargantana\",\"url\":\"https:\\\/\\\/sargantana.info\\\/web\\\/\",\"logo\":{\"@type\":\"ImageObject\",\"inLanguage\":\"es\",\"@id\":\"https:\\\/\\\/sargantana.info\\\/web\\\/#\\\/schema\\\/logo\\\/image\\\/\",\"url\":\"https:\\\/\\\/sargantana.info\\\/web\\\/wp-content\\\/uploads\\\/2023\\\/02\\\/Sargantana-transparente-e1676147721574.png\",\"contentUrl\":\"https:\\\/\\\/sargantana.info\\\/web\\\/wp-content\\\/uploads\\\/2023\\\/02\\\/Sargantana-transparente-e1676147721574.png\",\"width\":365,\"height\":211,\"caption\":\"Sargantana\"},\"image\":{\"@id\":\"https:\\\/\\\/sargantana.info\\\/web\\\/#\\\/schema\\\/logo\\\/image\\\/\"},\"sameAs\":[\"https:\\\/\\\/www.facebook.com\\\/Sargantana.info\",\"https:\\\/\\\/x.com\\\/Sargantana_\",\"https:\\\/\\\/www.instagram.com\\\/sargantana_canfranc\\\/\"]}]}<\/script>\n<!-- \/ Yoast SEO plugin. -->","yoast_head_json":{"title":"Los \u00c1rboles de Canfranc - Sargantana","description":"Descubre la historia de la Estaci\u00f3n de Canfranc: visitas guiadas que revelan su papel crucial durante la II Guerra Mundial.","robots":{"index":"index","follow":"follow","max-snippet":"max-snippet:-1","max-image-preview":"max-image-preview:large","max-video-preview":"max-video-preview:-1"},"canonical":"https:\/\/sargantana.info\/web\/visitas-guiadas\/los-arboles-de-canfranc\/","og_locale":"es_ES","og_type":"article","og_title":"Los \u00c1rboles de Canfranc - Sargantana","og_description":"Descubre la historia de la Estaci\u00f3n de Canfranc: visitas guiadas que revelan su papel crucial durante la II Guerra Mundial.","og_url":"https:\/\/sargantana.info\/web\/visitas-guiadas\/los-arboles-de-canfranc\/","og_site_name":"Sargantana","article_publisher":"https:\/\/www.facebook.com\/Sargantana.info","article_modified_time":"2026-03-06T22:42:57+00:00","og_image":[{"width":2048,"height":1536,"url":"https:\/\/sargantana.info\/web\/wp-content\/uploads\/2023\/01\/DSC00136.jpg","type":"image\/jpeg"}],"twitter_card":"summary_large_image","twitter_site":"@Sargantana_","twitter_misc":{"Tiempo de lectura":"1 minuto"},"schema":{"@context":"https:\/\/schema.org","@graph":[{"@type":"WebPage","@id":"https:\/\/sargantana.info\/web\/visitas-guiadas\/los-arboles-de-canfranc\/","url":"https:\/\/sargantana.info\/web\/visitas-guiadas\/los-arboles-de-canfranc\/","name":"Los \u00c1rboles de Canfranc - Sargantana","isPartOf":{"@id":"https:\/\/sargantana.info\/web\/#website"},"primaryImageOfPage":{"@id":"https:\/\/sargantana.info\/web\/visitas-guiadas\/los-arboles-de-canfranc\/#primaryimage"},"image":{"@id":"https:\/\/sargantana.info\/web\/visitas-guiadas\/los-arboles-de-canfranc\/#primaryimage"},"thumbnailUrl":"https:\/\/sargantana.info\/web\/wp-content\/uploads\/2023\/01\/DSC00136.jpg","datePublished":"2026-03-06T22:33:26+00:00","dateModified":"2026-03-06T22:42:57+00:00","description":"Descubre la historia de la Estaci\u00f3n de Canfranc: visitas guiadas que revelan su papel crucial durante la II Guerra Mundial.","breadcrumb":{"@id":"https:\/\/sargantana.info\/web\/visitas-guiadas\/los-arboles-de-canfranc\/#breadcrumb"},"inLanguage":"es","potentialAction":[{"@type":"ReadAction","target":["https:\/\/sargantana.info\/web\/visitas-guiadas\/los-arboles-de-canfranc\/"]}]},{"@type":"ImageObject","inLanguage":"es","@id":"https:\/\/sargantana.info\/web\/visitas-guiadas\/los-arboles-de-canfranc\/#primaryimage","url":"https:\/\/sargantana.info\/web\/wp-content\/uploads\/2023\/01\/DSC00136.jpg","contentUrl":"https:\/\/sargantana.info\/web\/wp-content\/uploads\/2023\/01\/DSC00136.jpg","width":2048,"height":1536},{"@type":"BreadcrumbList","@id":"https:\/\/sargantana.info\/web\/visitas-guiadas\/los-arboles-de-canfranc\/#breadcrumb","itemListElement":[{"@type":"ListItem","position":1,"name":"Portada","item":"https:\/\/sargantana.info\/web\/"},{"@type":"ListItem","position":2,"name":"Visitas Guiadas en Canfranc, Candanch\u00fa y Jaca","item":"https:\/\/sargantana.info\/web\/visitas-guiadas\/"},{"@type":"ListItem","position":3,"name":"Los \u00c1rboles de Canfranc"}]},{"@type":"WebSite","@id":"https:\/\/sargantana.info\/web\/#website","url":"https:\/\/sargantana.info\/web\/","name":"Sargantana","description":"Educaci\u00f3n ambiental y tiempo libre en el Pirineo Aragon\u00e9s","publisher":{"@id":"https:\/\/sargantana.info\/web\/#organization"},"potentialAction":[{"@type":"SearchAction","target":{"@type":"EntryPoint","urlTemplate":"https:\/\/sargantana.info\/web\/?s={search_term_string}"},"query-input":{"@type":"PropertyValueSpecification","valueRequired":true,"valueName":"search_term_string"}}],"inLanguage":"es"},{"@type":"Organization","@id":"https:\/\/sargantana.info\/web\/#organization","name":"Sargantana","url":"https:\/\/sargantana.info\/web\/","logo":{"@type":"ImageObject","inLanguage":"es","@id":"https:\/\/sargantana.info\/web\/#\/schema\/logo\/image\/","url":"https:\/\/sargantana.info\/web\/wp-content\/uploads\/2023\/02\/Sargantana-transparente-e1676147721574.png","contentUrl":"https:\/\/sargantana.info\/web\/wp-content\/uploads\/2023\/02\/Sargantana-transparente-e1676147721574.png","width":365,"height":211,"caption":"Sargantana"},"image":{"@id":"https:\/\/sargantana.info\/web\/#\/schema\/logo\/image\/"},"sameAs":["https:\/\/www.facebook.com\/Sargantana.info","https:\/\/x.com\/Sargantana_","https:\/\/www.instagram.com\/sargantana_canfranc\/"]}]}},"_links":{"self":[{"href":"https:\/\/sargantana.info\/web\/wp-json\/wp\/v2\/pages\/79301","targetHints":{"allow":["GET"]}}],"collection":[{"href":"https:\/\/sargantana.info\/web\/wp-json\/wp\/v2\/pages"}],"about":[{"href":"https:\/\/sargantana.info\/web\/wp-json\/wp\/v2\/types\/page"}],"author":[{"embeddable":true,"href":"https:\/\/sargantana.info\/web\/wp-json\/wp\/v2\/users\/1"}],"replies":[{"embeddable":true,"href":"https:\/\/sargantana.info\/web\/wp-json\/wp\/v2\/comments?post=79301"}],"version-history":[{"count":16,"href":"https:\/\/sargantana.info\/web\/wp-json\/wp\/v2\/pages\/79301\/revisions"}],"predecessor-version":[{"id":79365,"href":"https:\/\/sargantana.info\/web\/wp-json\/wp\/v2\/pages\/79301\/revisions\/79365"}],"up":[{"embeddable":true,"href":"https:\/\/sargantana.info\/web\/wp-json\/wp\/v2\/pages\/79303"}],"wp:featuredmedia":[{"embeddable":true,"href":"https:\/\/sargantana.info\/web\/wp-json\/wp\/v2\/media\/74076"}],"wp:attachment":[{"href":"https:\/\/sargantana.info\/web\/wp-json\/wp\/v2\/media?parent=79301"}],"curies":[{"name":"wp","href":"https:\/\/api.w.org\/{rel}","templated":true}]}}